{"id":972,"date":"2024-04-15T11:51:54","date_gmt":"2024-04-15T09:51:54","guid":{"rendered":"https:\/\/pousseenchoeur.fr\/?page_id=972"},"modified":"2024-05-21T18:33:52","modified_gmt":"2024-05-21T16:33:52","slug":"festival-pousse-en-douceur","status":"publish","type":"page","link":"https:\/\/pousseenchoeur.fr\/index.php\/festival-pousse-en-douceur\/","title":{"rendered":"Festival Pousse en Douceur"},"content":{"rendered":"\n<h1 class=\"wp-block-heading has-text-align-center\"><strong>Pousse en Douceur<\/strong><\/h1>\n\n\n\n<h1 class=\"wp-block-heading has-text-align-center\"><strong>Programme du festival<\/strong><\/h1>\n\n\n\n<div class=\"wp-block-columns is-not-stacked-on-mobile is-layout-flex wp-container-core-columns-is-layout-28f84493 wp-block-columns-is-layout-flex\">\n<div class=\"wp-block-column is-layout-flow wp-block-column-is-layout-flow\" style=\"flex-basis:5%\"><\/div>\n\n\n\n<div class=\"wp-block-column is-layout-flow wp-block-column-is-layout-flow\">\n<figure class=\"wp-block-image aligncenter size-large is-resized\"><img data-recalc-dims=\"1\" loading=\"lazy\" decoding=\"async\" width=\"724\" height=\"1024\" src=\"https:\/\/i0.wp.com\/pousseenchoeur.fr\/wp-content\/uploads\/2024\/04\/POUSSE-EN-DOUCEUR-Affiche1.jpg?resize=724%2C1024&#038;ssl=1\" alt=\"\" class=\"wp-image-975\" style=\"width:400px\" srcset=\"https:\/\/i0.wp.com\/pousseenchoeur.fr\/wp-content\/uploads\/2024\/04\/POUSSE-EN-DOUCEUR-Affiche1.jpg?resize=724%2C1024&amp;ssl=1 724w, https:\/\/i0.wp.com\/pousseenchoeur.fr\/wp-content\/uploads\/2024\/04\/POUSSE-EN-DOUCEUR-Affiche1.jpg?resize=212%2C300&amp;ssl=1 212w, https:\/\/i0.wp.com\/pousseenchoeur.fr\/wp-content\/uploads\/2024\/04\/POUSSE-EN-DOUCEUR-Affiche1.jpg?resize=768%2C1086&amp;ssl=1 768w, https:\/\/i0.wp.com\/pousseenchoeur.fr\/wp-content\/uploads\/2024\/04\/POUSSE-EN-DOUCEUR-Affiche1.jpg?resize=1086%2C1536&amp;ssl=1 1086w, https:\/\/i0.wp.com\/pousseenchoeur.fr\/wp-content\/uploads\/2024\/04\/POUSSE-EN-DOUCEUR-Affiche1.jpg?resize=1448%2C2048&amp;ssl=1 1448w, https:\/\/i0.wp.com\/pousseenchoeur.fr\/wp-content\/uploads\/2024\/04\/POUSSE-EN-DOUCEUR-Affiche1.jpg?w=1587&amp;ssl=1 1587w\" sizes=\"auto, (max-width: 724px) 100vw, 724px\" \/><\/figure>\n<\/div>\n\n\n\n<div class=\"wp-block-column is-layout-flow wp-block-column-is-layout-flow\" style=\"flex-basis:5%\"><\/div>\n<\/div>\n\n\n\n<div style=\"height:20px\" aria-hidden=\"true\" class=\"wp-block-spacer\"><\/div>\n\n\n\n<div class=\"wp-block-columns is-layout-flex wp-container-core-columns-is-layout-28f84493 wp-block-columns-is-layout-flex\">\n<div class=\"wp-block-column is-layout-flow wp-block-column-is-layout-flow\" style=\"flex-basis:100%\">\n<p class=\"has-text-align-center\"><em><mark style=\"background-color:rgba(0, 0, 0, 0)\" class=\"has-inline-color has-ast-global-color-1-color\"><strong>Retrouvez plus d&rsquo;informations en cliquant sur le nom de chaque film, conf\u00e9rencier, spectacle ou atelier<\/strong>.<\/mark><\/em><\/p>\n<\/div>\n<\/div>\n\n\n\n<h2 class=\"wp-block-heading has-text-align-center\" id=\"samedi\"><strong>Samedi 25 mai 2024<\/strong><\/h2>\n\n\n\n<div class=\"wp-block-columns is-layout-flex wp-container-core-columns-is-layout-28f84493 wp-block-columns-is-layout-flex\">\n<div class=\"wp-block-column is-vertically-aligned-top is-layout-flow wp-block-column-is-layout-flow\">\n<h3 class=\"wp-block-heading has-text-align-center\">Films, Table-Ronde, Conf\u00e9rences<\/h3>\n\n\n\n<p>9h30 : Projection du film <a href=\"https:\/\/pousseenchoeur.fr\/wp-content\/uploads\/2024\/05\/Presentation-film-table-ronde.jpg\" data-type=\"attachment\" data-id=\"997\"><strong>\u00ab\u00a0\u00catre plut\u00f4t qu&rsquo;Avoir\u00a0\u00bb<\/strong><\/a> <\/p>\n\n\n\n<p>11h : <strong>Table-ronde des P\u00e9dagogies actives<\/strong><br><em>Intervenants : Aur\u00e9lie Alvarez (Montessori), \u00c9lodie Guidou (Waldorf-Steiner), Fr\u00e9d\u00e9rique Rousselot (\u00e9cole du dehors), Sarah Delmer (Pousse en Ch\u0153ur)<\/em><\/p>\n\n\n\n<p>13h : <a href=\"https:\/\/pousseenchoeur.fr\/wp-content\/uploads\/2024\/05\/Presentation-Charles-Pignon.jpg\" data-type=\"attachment\" data-id=\"1028\"><strong>Charles Pignon<\/strong> &#8211; L&rsquo;hypersensibilit\u00e9, et si on en parlait?<\/a><\/p>\n\n\n\n<p>15h : <a href=\"https:\/\/pousseenchoeur.fr\/wp-content\/uploads\/2024\/05\/Presentation-Guillaume-Lemonde.jpg\" data-type=\"attachment\" data-id=\"1006\"><strong>Guillaume Lemonde<\/strong> &#8211; Pi\u00e8ges et ressources dans l&rsquo;\u00e9ducation de l&rsquo;adolescent<\/a><\/p>\n\n\n\n<p>17h20 : <a href=\"https:\/\/pousseenchoeur.fr\/wp-content\/uploads\/2024\/05\/Presentation-M.F-Neveu.jpg\" data-type=\"attachment\" data-id=\"1008\"><strong>Marie-Fran\u00e7oise Neveu<\/strong> &#8211; L&rsquo;accompagnement des enfants \u00ab\u00a0actuels\u00a0\u00bb et de leur famille &#8211; Partie 1<\/a><\/p>\n\n\n\n<p>20h : Projection du film <strong><a href=\"https:\/\/pousseenchoeur.fr\/wp-content\/uploads\/2024\/05\/Presentation-Cine-partage.jpg\" data-type=\"attachment\" data-id=\"1005\">\u00ab\u00a0Et je choisis de vivre\u00a0\u00bb<\/a><\/strong> suivi d&rsquo;un temps d&rsquo;\u00e9changes<\/p>\n<\/div>\n\n\n\n<div class=\"wp-block-column is-vertically-aligned-center is-layout-flow wp-block-column-is-layout-flow\">\n<h3 class=\"wp-block-heading has-text-align-center\">Ateliers<\/h3>\n\n\n\n<p>En continu : <strong><a href=\"https:\/\/pousseenchoeur.fr\/wp-content\/uploads\/2024\/05\/Presentation-Laure-Valentin.jpg\" data-type=\"attachment\" data-id=\"1007\">Peinture libre<\/a><\/strong> &#8211; Laure Valentin<\/p>\n\n\n\n<p class=\"has-text-align-left\">11h30 &#8211; 12h15 : <a href=\"https:\/\/pousseenchoeur.fr\/wp-content\/uploads\/2024\/05\/Presentation-Bluenn-Boulon.jpg\" data-type=\"attachment\" data-id=\"1004\"><strong>Massage b\u00e9b\u00e9 et jeune enfant<\/strong><\/a> (0 \u00e0 4 ans) &#8211; Bluenn Boulon<\/p>\n\n\n\n<p>13h30 &#8211; 14h30 : <strong><a href=\"https:\/\/pousseenchoeur.fr\/wp-content\/uploads\/2024\/05\/Presentation-Sieste-Musicale.jpg\" data-type=\"attachment\" data-id=\"1034\">Sieste musicale<\/a><\/strong> &#8211; Tributerre<\/p>\n\n\n\n<p>17h-17h45 : <a href=\"https:\/\/pousseenchoeur.fr\/wp-content\/uploads\/2024\/05\/Presentation-Bluenn-Boulon.jpg\" data-type=\"attachment\" data-id=\"1004\"><strong>R\u00e9flexologie b\u00e9b\u00e9 \u00e9motionnelle<\/strong><\/a> (0 \u00e0 6 ans) &#8211; Bluenn Boulon<\/p>\n\n\n\n<h3 class=\"wp-block-heading has-text-align-center\">Stands<\/h3>\n\n\n\n<ul class=\"wp-block-list\">\n<li>Pousse en Ch\u0153ur &#8211; Pr\u00e9sentation du projet d&rsquo;\u00e9cole<\/li>\n\n\n\n<li><a href=\"https:\/\/pousseenchoeur.fr\/wp-content\/uploads\/2024\/05\/Presentation-Bluenn-Boulon.jpg\" data-type=\"attachment\" data-id=\"1004\">Bluenn Boulon<\/a> &#8211; Massages, P\u00e9rinatalit\u00e9, Doula<\/li>\n\n\n\n<li>Laurence Pluche &#8211; Raconte-moi le chien <\/li>\n\n\n\n<li><a href=\"https:\/\/www.instagram.com\/lorblanc.association\/?hl=fr\">L&rsquo;Or Blanc &#8211; Soutien \u00e0 l&rsquo;allaitement maternel<\/a><\/li>\n\n\n\n<li><a href=\"https:\/\/pousseenchoeur.fr\/wp-content\/uploads\/2024\/05\/Presentation-Cecile-A-bras-K-da-bras.jpg\" data-type=\"attachment\" data-id=\"1027\">A Bras K D&rsquo;\u00e0 Bras &#8211; Portage, accompagnement p\u00e9rinatal<\/a><\/li>\n\n\n\n<li><a href=\"https:\/\/pousseenchoeur.fr\/wp-content\/uploads\/2024\/05\/Presentation-Manon-Laville.jpg\" data-type=\"attachment\" data-id=\"1033\">Manon Laville &#8211; Educatrice de jeunes enfants<\/a><\/li>\n<\/ul>\n<\/div>\n<\/div>\n\n\n\n<div style=\"height:20px\" aria-hidden=\"true\" class=\"wp-block-spacer\"><\/div>\n\n\n\n<h2 class=\"wp-block-heading has-text-align-center\" id=\"dimanche\"><strong>Dimanche 26 mai 2024<\/strong><\/h2>\n\n\n\n<div class=\"wp-block-columns is-layout-flex wp-container-core-columns-is-layout-28f84493 wp-block-columns-is-layout-flex\">\n<div class=\"wp-block-column is-layout-flow wp-block-column-is-layout-flow\">\n<h3 class=\"wp-block-heading has-text-align-center\">Spectacles, Conf\u00e9rences<\/h3>\n\n\n\n<p>10h : <strong><a href=\"https:\/\/pousseenchoeur.fr\/wp-content\/uploads\/2024\/05\/Spectacle-Nu.jpg\" data-type=\"attachment\" data-id=\"1009\">\u00ab\u00a0N\u00fc\u00a0\u00bb<\/a><\/strong> &#8211; Spectacle de la Cie Passe-Montagne (0 \u00e0 5 ans)<\/p>\n\n\n\n<p>11h : <a href=\"https:\/\/pousseenchoeur.fr\/wp-content\/uploads\/2024\/05\/Presentation-M.F-Neveu.jpg\" data-type=\"attachment\" data-id=\"1008\"><strong>Marie-Fran\u00e7oise Neveu<\/strong> &#8211; L&rsquo;accompagnement des enfants \u00ab\u00a0actuels\u00a0\u00bb et de leur famille &#8211; Partie 2<\/a><\/p>\n\n\n\n<p>13h30 : <strong><a href=\"https:\/\/pousseenchoeur.fr\/wp-content\/uploads\/2024\/05\/Spectacle-les-Doudous1.jpg\" data-type=\"attachment\" data-id=\"1018\">\u00ab\u00a0Les Doudous\u00a0\u00bb<\/a><\/strong> &#8211; Spectacle de Marionnettes &amp; Com\u00e9die (6 mois \u00e0 9 ans)<\/p>\n\n\n\n<p>16h : <strong><a href=\"https:\/\/pousseenchoeur.fr\/wp-content\/uploads\/2024\/05\/Spectacle-Contes-reveries.jpg\" data-type=\"attachment\" data-id=\"1017\">\u00ab\u00a0Contes &amp; R\u00eaveries\u00a0\u00bb<\/a><\/strong> &#8211; Spectacle de Chlo\u00e9 et Laure, magiciennes du jour et de la nuit (2 \u00e0 8 ans)<\/p>\n<\/div>\n\n\n\n<div class=\"wp-block-column is-layout-flow wp-block-column-is-layout-flow\">\n<h3 class=\"wp-block-heading has-text-align-center\">Ateliers<\/h3>\n\n\n\n<p>9h15-9h45 : <strong>B\u00e9b\u00e9 signes<\/strong> &#8211; Christelle Koenig<\/p>\n\n\n\n<p>14h15-14h45 : <a href=\"https:\/\/pousseenchoeur.fr\/wp-content\/uploads\/2024\/05\/Presentation-Isabelle-Gadioux.jpg\" data-type=\"attachment\" data-id=\"1029\"><strong>Gestion des \u00e9motions<\/strong> des enfants et des parents accompagnant &#8211; Isabelle Gadioux<\/a><\/p>\n\n\n\n<p class=\"has-text-align-left\">14h45 : <strong><a href=\"https:\/\/pousseenchoeur.fr\/wp-content\/uploads\/2024\/05\/Presentation-Maxime-Chossat.jpg\" data-type=\"attachment\" data-id=\"1039\">Alimentation de l&rsquo;enfant<\/a><\/strong> &#8211; Maxime Chossat<\/p>\n\n\n\n<p>15h15-15h45 : <a href=\"https:\/\/pousseenchoeur.fr\/wp-content\/uploads\/2024\/05\/Presentation-Isabelle-Gadioux.jpg\" data-type=\"attachment\" data-id=\"1029\"><strong>Sophrologie li\u00e9e \u00e0 la procr\u00e9ation<\/strong> &#8211; Isabelle Gadioux<\/a><\/p>\n\n\n\n<p>17h : Partage d&rsquo;exp\u00e9rience autour du <strong><a href=\"https:\/\/pousseenchoeur.fr\/wp-content\/uploads\/2024\/05\/Presentation-Alix-Anne.jpg\" data-type=\"attachment\" data-id=\"1036\">sommeil de b\u00e9b\u00e9<\/a><\/strong> &#8211; Alix-Anne Salembien<\/p>\n\n\n\n<p>17h30 : <strong><a href=\"https:\/\/pousseenchoeur.fr\/wp-content\/uploads\/2024\/05\/Presentation-Badaboum.jpg\" data-type=\"attachment\" data-id=\"1035\">Badaboum<\/a><\/strong>, danse collective pour enfant de 0 \u00e0 120 ans &#8211; Gabriel Maurin<\/p>\n\n\n\n<h3 class=\"wp-block-heading has-text-align-center\">Stands<\/h3>\n\n\n\n<ul class=\"wp-block-list\">\n<li>Pousse en Ch\u0153ur &#8211; Pr\u00e9sentation du projet d&rsquo;\u00e9cole<\/li>\n\n\n\n<li><a href=\"https:\/\/www.instagram.com\/lorblanc.association\/?hl=fr\">L&rsquo;Or Blanc &#8211; Soutien \u00e0 l&rsquo;allaitement maternel<\/a><\/li>\n\n\n\n<li><a href=\"https:\/\/pousseenchoeur.fr\/wp-content\/uploads\/2024\/05\/Presentation-Isabelle-Gadioux.jpg\" data-type=\"attachment\" data-id=\"1029\">Isabelle Gadioux &#8211; Sophrologue sp\u00e9cialis\u00e9e en p\u00e9rinatalit\u00e9<\/a><\/li>\n\n\n\n<li>Le Nid de Vicky &#8211; Doula, Portage, Allaitement, Cycle f\u00e9minin<\/li>\n<\/ul>\n<\/div>\n<\/div>\n\n\n\n<div class=\"wp-block-columns is-layout-flex wp-container-core-columns-is-layout-28f84493 wp-block-columns-is-layout-flex\">\n<div class=\"wp-block-column is-layout-flow wp-block-column-is-layout-flow\" style=\"flex-basis:5%\"><\/div>\n\n\n\n<div class=\"wp-block-column is-layout-flow wp-block-column-is-layout-flow\">\n<h3 class=\"wp-block-heading has-text-align-center\">Tout au long du weekend :<\/h3>\n\n\n\n<p class=\"has-text-align-center\"><strong><a href=\"https:\/\/pousseenchoeur.fr\/wp-content\/uploads\/2024\/05\/Presentation-Sieste-Musicale.jpg\" data-type=\"attachment\" data-id=\"1034\">Surprises<\/a> et activit\u00e9s pour petits et grand<\/strong><\/p>\n<\/div>\n\n\n\n<div class=\"wp-block-column is-layout-flow wp-block-column-is-layout-flow\" style=\"flex-basis:5%\"><\/div>\n<\/div>\n","protected":false},"excerpt":{"rendered":"<p>Pousse en Douceur Programme du festival Retrouvez plus d&rsquo;informations en cliquant sur le nom de chaque film, conf\u00e9rencier, spectacle ou atelier. Samedi 25 mai 2024 Films, Table-Ronde, Conf\u00e9rences 9h30 : [&hellip;]<\/p>\n","protected":false},"author":1,"featured_media":0,"parent":0,"menu_order":0,"comment_status":"closed","ping_status":"closed","template":"","meta":{"site-sidebar-layout":"default","site-content-layout":"","ast-site-content-layout":"default","site-content-style":"default","site-sidebar-style":"default","ast-global-header-display":"","ast-banner-title-visibility":"","ast-main-header-display":"","ast-hfb-above-header-display":"","ast-hfb-below-header-display":"","ast-hfb-mobile-header-display":"","site-post-title":"disabled","ast-breadcrumbs-content":"","ast-featured-img":"","footer-sml-layout":"","ast-disable-related-posts":"","theme-transparent-header-meta":"","adv-header-id-meta":"","stick-header-meta":"","header-above-stick-meta":"","header-main-stick-meta":"","header-below-stick-meta":"","astra-migrate-meta-layouts":"set","ast-page-background-enabled":"default","ast-page-background-meta":{"desktop":{"background-color":"var(--ast-global-color-4)","background-image":"","background-repeat":"repeat","background-position":"center center","background-size":"auto","background-attachment":"scroll","background-type":"","background-media":"","overlay-type":"","overlay-color":"","overlay-opacity":"","overlay-gradient":""},"tablet":{"background-color":"","background-image":"","background-repeat":"repeat","background-position":"center center","background-size":"auto","background-attachment":"scroll","background-type":"","background-media":"","overlay-type":"","overlay-color":"","overlay-opacity":"","overlay-gradient":""},"mobile":{"background-color":"","background-image":"","background-repeat":"repeat","background-position":"center center","background-size":"auto","background-attachment":"scroll","background-type":"","background-media":"","overlay-type":"","overlay-color":"","overlay-opacity":"","overlay-gradient":""}},"ast-content-background-meta":{"desktop":{"background-color":"var(--ast-global-color-5)","background-image":"","background-repeat":"repeat","background-position":"center center","background-size":"auto","background-attachment":"scroll","background-type":"","background-media":"","overlay-type":"","overlay-color":"","overlay-opacity":"","overlay-gradient":""},"tablet":{"background-color":"var(--ast-global-color-5)","background-image":"","background-repeat":"repeat","background-position":"center center","background-size":"auto","background-attachment":"scroll","background-type":"","background-media":"","overlay-type":"","overlay-color":"","overlay-opacity":"","overlay-gradient":""},"mobile":{"background-color":"var(--ast-global-color-5)","background-image":"","background-repeat":"repeat","background-position":"center center","background-size":"auto","background-attachment":"scroll","background-type":"","background-media":"","overlay-type":"","overlay-color":"","overlay-opacity":"","overlay-gradient":""}},"_EventAllDay":false,"_EventTimezone":"","_EventStartDate":"","_EventEndDate":"","_EventStartDateUTC":"","_EventEndDateUTC":"","_EventShowMap":false,"_EventShowMapLink":false,"_EventURL":"","_EventCost":"","_EventCostDescription":"","_EventCurrencySymbol":"","_EventCurrencyCode":"","_EventCurrencyPosition":"","_EventDateTimeSeparator":"","_EventTimeRangeSeparator":"","_EventOrganizerID":[],"_EventVenueID":[],"_OrganizerEmail":"","_OrganizerPhone":"","_OrganizerWebsite":"","_VenueAddress":"","_VenueCity":"","_VenueCountry":"","_VenueProvince":"","_VenueState":"","_VenueZip":"","_VenuePhone":"","_VenueURL":"","_VenueStateProvince":"","_VenueLat":"","_VenueLng":"","_VenueShowMap":false,"_VenueShowMapLink":false,"footnotes":""},"class_list":["post-972","page","type-page","status-publish","hentry"],"jetpack_sharing_enabled":true,"_links":{"self":[{"href":"https:\/\/pousseenchoeur.fr\/index.php\/wp-json\/wp\/v2\/pages\/972","targetHints":{"allow":["GET"]}}],"collection":[{"href":"https:\/\/pousseenchoeur.fr\/index.php\/wp-json\/wp\/v2\/pages"}],"about":[{"href":"https:\/\/pousseenchoeur.fr\/index.php\/wp-json\/wp\/v2\/types\/page"}],"author":[{"embeddable":true,"href":"https:\/\/pousseenchoeur.fr\/index.php\/wp-json\/wp\/v2\/users\/1"}],"replies":[{"embeddable":true,"href":"https:\/\/pousseenchoeur.fr\/index.php\/wp-json\/wp\/v2\/comments?post=972"}],"version-history":[{"count":30,"href":"https:\/\/pousseenchoeur.fr\/index.php\/wp-json\/wp\/v2\/pages\/972\/revisions"}],"predecessor-version":[{"id":1043,"href":"https:\/\/pousseenchoeur.fr\/index.php\/wp-json\/wp\/v2\/pages\/972\/revisions\/1043"}],"wp:attachment":[{"href":"https:\/\/pousseenchoeur.fr\/index.php\/wp-json\/wp\/v2\/media?parent=972"}],"curies":[{"name":"wp","href":"https:\/\/api.w.org\/{rel}","templated":true}]}}