{"id":97,"date":"2023-09-12T20:40:10","date_gmt":"2023-09-12T18:40:10","guid":{"rendered":"https:\/\/pousseenchoeur.fr\/?page_id=97"},"modified":"2023-09-22T16:25:30","modified_gmt":"2023-09-22T14:25:30","slug":"questions-frequentes","status":"publish","type":"page","link":"https:\/\/pousseenchoeur.fr\/index.php\/questions-frequentes\/","title":{"rendered":"Questions fr\u00e9quentes"},"content":{"rendered":"\n<div style=\"height:50px\" aria-hidden=\"true\" class=\"wp-block-spacer\"><\/div>\n\n\n\n<h2 class=\"wp-block-heading\">Qu&rsquo;est-ce qu&rsquo;une \u00e9cole priv\u00e9e hors contrat&nbsp;?<\/h2>\n\n\n\n<div style=\"height:20px\" aria-hidden=\"true\" class=\"wp-block-spacer\"><\/div>\n\n\n\n<p>C\u2019est une \u00e9cole qui n\u2019a pas sign\u00e9 d\u2019accord avec l\u2019Etat. On dit que cet \u00e9tablissement est \u201chors-contrat\u00a0\u00bb, donc priv\u00e9. Il n\u2019est pas soutenu par le syst\u00e8me public et ne re\u00e7oit pas de subventions. C\u2019est une \u00e9cole qui est libre dans les m\u00e9thodes d\u2019enseignement, dans les rythmes d\u2019apprentissage, dans le choix du lieu d\u2019accueil des enfants\u2026 Cependant, elle doit tout de m\u00eame permettre aux enfants d&rsquo;acqu\u00e9rir les connaissances du socle commun de connaissances, de comp\u00e9tences et de culture, tel que d\u00e9fini par la loi.<\/p>\n\n\n\n<div style=\"height:50px\" aria-hidden=\"true\" class=\"wp-block-spacer\"><\/div>\n\n\n\n<h2 class=\"wp-block-heading\">Et le soutien \u00e0 l&rsquo;\u00e9cole publique&nbsp;, l&rsquo;\u00e9ducation nationale, les classes qui ferment?<\/h2>\n\n\n\n<div style=\"height:20px\" aria-hidden=\"true\" class=\"wp-block-spacer\"><\/div>\n\n\n\n<p>L\u2019\u00e9cole alternative ne se positionne pas comme concurrente de l\u2019\u00e9cole publique, mais simplement comme une proposition diff\u00e9rente. Elle ouvre la possibilit\u00e9 aux parents de choisir un mod\u00e8le \u00e9ducatif en lien avec leurs valeurs. D&rsquo;ailleurs, dans certains pays comme la Su\u00e8de, toutes les \u00e9coles sont subventionn\u00e9es, qu\u2019elles soient priv\u00e9es ou publiques, quelle que soit la p\u00e9dagogie choisie.<\/p>\n\n\n\n<p>Les probl\u00e8mes rencontr\u00e9s aujourd\u2019hui par l\u2019\u00e9cole publique ( suppressions de postes, fermetures de classes, manque de moyens, recrutement de personnels non form\u00e9s, classes surcharg\u00e9es, pression \u00e0 tous niveaux\u2026 ) ne sont pas les cons\u00e9quences de l\u2019ouverture de nouvelles \u00e9coles comme la n\u00f4tre. Les conditions de travail se d\u00e9t\u00e9riorent, les \u00e9l\u00e8ves en p\u00e2tissent. Le mod\u00e8le d\u2019\u00e9cole que nous choisissons de cr\u00e9er vient r\u00e9pondre \u00e0 cette d\u00e9tresse.<\/p>\n\n\n\n<div style=\"height:50px\" aria-hidden=\"true\" class=\"wp-block-spacer\"><\/div>\n\n\n\n<h2 class=\"wp-block-heading\" id=\"ecoute\">Une \u00e9cole alternative c&rsquo;est une bulle&nbsp;d\u00e9connect\u00e9e de la r\u00e9alit\u00e9 ?<\/h2>\n\n\n\n<div style=\"height:20px\" aria-hidden=\"true\" class=\"wp-block-spacer\"><\/div>\n\n\n\n<p>&nbsp;L\u2019id\u00e9e de l\u2019\u00e9cole alternative n\u2019est pas d\u2019\u00e9lever nos enfants dans un monde de \u201cbisounours\u201d. Mais plut\u00f4t de leur donner la possibilit\u00e9 d\u2019\u00e9voluer dans un cadre bienveillant, avec des effectifs r\u00e9duits. Ce qui permet une attention plus particuli\u00e8re \u00e0 l\u2019\u00e9panouissement de chaque enfant, tout en les sensibilisant au monde dans lequel nous vivons. C&rsquo;est pourquoi un des objectifs de ce projet d&rsquo;\u00e9cole est de tisser des liens avec la vie sociale locale (projets, collaborations\u2026)<\/p>\n\n\n\n<div style=\"height:50px\" aria-hidden=\"true\" class=\"wp-block-spacer\"><\/div>\n\n\n\n<h2 class=\"wp-block-heading\">Comment vont-ils s\u2019adapter au coll\u00e8ge ou au \u00ab&nbsp;vrai&nbsp;\u00bb monde&nbsp;?<\/h2>\n\n\n\n<div style=\"height:20px\" aria-hidden=\"true\" class=\"wp-block-spacer\"><\/div>\n\n\n\n<p>&nbsp;Nous partons du postulat qu\u2019un enfant \u00e9panoui, arm\u00e9 de confiance en soi, d\u2019intelligence \u00e9motionnelle, cr\u00e9atif et bien dans sa peau, sera parfaitement outill\u00e9 pour appr\u00e9hender et s\u2019adapter \u00e0 de nouvelles situations.<\/p>\n\n\n\n<p>Toutefois, chaque enfant est unique, et alors que certains s&rsquo;adapteront avec aisance \u00e0 leur environnement, d\u2019autres vivront des passages difficiles. La cl\u00e9 sera alors de les accompagner au mieux dans leur travers\u00e9e, d\u2019\u00eatre \u00e0 l\u2019\u00e9coute de leurs besoins, qui pourront venir tant du changement d\u2019environnement que de cette nouvelle \u00e9tape de vie que pr\u00e9sente l\u2019adolescence!&nbsp;<\/p>\n\n\n\n<div style=\"height:50px\" aria-hidden=\"true\" class=\"wp-block-spacer\"><\/div>\n\n\n\n<h2 class=\"wp-block-heading\">L&rsquo;\u00e9ducation bienveillante ne pose aucune limite&nbsp;?<\/h2>\n\n\n\n<div style=\"height:20px\" aria-hidden=\"true\" class=\"wp-block-spacer\"><\/div>\n\n\n\n<p>L\u2019\u00e9ducation bienveillante est une mani\u00e8re d\u2019accompagner l\u2019enfant dans le soin, le respect de l\u2019autre, en restant attentif \u00e0 ses besoins et ses \u00e9motions et en leur donnant une place d\u2019expression. Il existe pour cela diff\u00e9rents outils, tels que la communication bienveillante et des p\u00e9dagogies respectueuses du rythme et de l\u2019enthousiasme de l\u2019enfant. Cela renforce sa s\u00e9curit\u00e9 int\u00e9rieure, sa joie, sa confiance en lui. Cela pourra aussi avoir un impact positif sur sa sant\u00e9 physique et mentale.&nbsp;<\/p>\n\n\n\n<p>Afin que l\u2019enfant puisse d\u00e9velopper un sentiment de s\u00e9curit\u00e9 profond, il est cependant primordial que l\u2019adulte pose un cadre et des limites (parfois sous la forme de r\u00e8gles) dont il est le garant. Ce n\u2019est qu\u2019au sein de ce cadre et de ces limites que l\u2019enfant pourra trouver la libert\u00e9 de s\u2019exprimer et d\u2019exp\u00e9rimenter en toute s\u00e9curit\u00e9.<\/p>\n\n\n\n<div style=\"height:50px\" aria-hidden=\"true\" class=\"wp-block-spacer\"><\/div>\n\n\n\n<h2 class=\"wp-block-heading\">Pourquoi payer alors que l\u2019\u00e9cole publique est gratuite ?&nbsp;<\/h2>\n\n\n\n<div style=\"height:20px\" aria-hidden=\"true\" class=\"wp-block-spacer\"><\/div>\n\n\n\n<p>Inscrire ses enfants dans une \u00e9cole priv\u00e9e, c\u2019est un CHOIX parental. Opter pour une \u00e9cole priv\u00e9e, c\u2019est pouvoir choisir un projet p\u00e9dagogique, une m\u00e9thode, un rythme, un lieu, un cadre d\u2019enseignement\u2026 \u00eatre en accord avec ses valeurs et celles de l\u2019\u00e9cole et devenir acteurs dans la d\u00e9couverte des apprentissages de nos enfants.&nbsp;<\/p>\n\n\n\n<div style=\"height:50px\" aria-hidden=\"true\" class=\"wp-block-spacer\"><\/div>\n\n\n\n<h2 class=\"wp-block-heading\">L&rsquo;\u00e9cole priv\u00e9e c&rsquo;est pour les riches&nbsp;?&nbsp;<\/h2>\n\n\n\n<div style=\"height:20px\" aria-hidden=\"true\" class=\"wp-block-spacer\"><\/div>\n\n\n\n<p>Pousse en Ch\u0153ur souhaite que son projet d\u2019\u00e9cole soit le plus accessible possible. Nous essayons de r\u00e9duire au maximum les frais de scolarit\u00e9. Pour que cela soit possible, il sera indispensable que les parents s\u2019investissent b\u00e9n\u00e9volement dans l\u2019\u00e9tablissement. Cela fait partie des valeurs fondamentales du projet. Aussi, nous r\u00e9fl\u00e9chissons \u00e0 une solution juste et adaptable pour pouvoir proposer une flexibilit\u00e9 de participation financi\u00e8re par rapport \u00e0 la participation b\u00e9n\u00e9vole selon le temps et les ressources de chacun.&nbsp;<\/p>\n\n\n\n<p>Par ailleurs, afin de pouvoir financer nos projets et interventions, nous organiserons, en collaboration avec les \u00e9l\u00e8ves et les familles, des f\u00eates et \u00e9v\u00e8nements pour collecter des fonds.<\/p>\n\n\n\n<div style=\"height:50px\" aria-hidden=\"true\" class=\"wp-block-spacer\"><\/div>\n\n\n\n<h2 class=\"wp-block-heading\">Quelles sont vos obligations, avez vous des comptes \u00e0 rendre&nbsp;? O\u00f9 va l\u2019argent&nbsp;?<\/h2>\n\n\n\n<div style=\"height:20px\" aria-hidden=\"true\" class=\"wp-block-spacer\"><\/div>\n\n\n\n<p><strong>Envers les membres de l\u2019association :<\/strong><\/p>\n\n\n\n<ul class=\"wp-block-list\">\n<li>un suivi budg\u00e9taire est assur\u00e9 par les membres du bureau. Les r\u00e9sultats (recettes \/ d\u00e9penses) seront pr\u00e9sent\u00e9s lors des assembl\u00e9es g\u00e9n\u00e9rales.<\/li>\n<\/ul>\n\n\n\n<p>A savoir :&nbsp;<\/p>\n\n\n\n<ul class=\"wp-block-list\">\n<li>Les frais de scolarit\u00e9 serviront \u00e0 payer les charges incompressibles de l\u2019\u00e9cole : frais de fonctionnement et charges fixes (loyer, eau, \u00e9lectricit\u00e9, salaires, charges patronales, assurances, mat\u00e9riel p\u00e9dagogique et mobilier, fournitures administratives et d\u2019entretien, t\u00e9l\u00e9phonie\/internet, entretien du b\u00e2timent\u2026)<\/li>\n\n\n\n<li>Les adh\u00e9sions, les fonds collect\u00e9s lors d&rsquo;\u00e9v\u00e9nements pourront permettre des projets d\u2019\u00e9cole, des sorties, payer des intervenants professionnels pour des animations, des jeux \u2026<\/li>\n\n\n\n<li>Le m\u00e9c\u00e9nat et les dons: lorsqu\u2019il y aura abondance, nous pourrons employer une personne suppl\u00e9mentaire pour plus de confort, et m\u00eame rendre possible le projet de coll\u00e8ge alternatif en Petite Montagne!<\/li>\n<\/ul>\n\n\n\n<p><strong>Envers l&rsquo;\u00e9ducation nationale :<\/strong><\/p>\n\n\n\n<ul class=\"wp-block-list\">\n<li>Notre \u00e9cole sera inspect\u00e9e une fois par an, afin de veiller au respect de nos engagements. Une \u00e9cole priv\u00e9e est libre de choisir son projet \u00e9ducatif et p\u00e9dagogique, mais est tenue de permettre aux enfants d\u2019acqu\u00e9rir les connaissances du socle commun des comp\u00e9tences.<\/li>\n<\/ul>\n\n\n\n<div style=\"height:50px\" aria-hidden=\"true\" class=\"wp-block-spacer\"><\/div>\n\n\n\n<h2 class=\"wp-block-heading\">La classe multiniveau ne g\u00eane-t-elle pas l\u2019apprentissage des uns et des autres ?&nbsp;<\/h2>\n\n\n\n<div style=\"height:20px\" aria-hidden=\"true\" class=\"wp-block-spacer\"><\/div>\n\n\n\n<p>M\u00e9langer dans une m\u00eame classe des enfants d\u2019\u00e2ges diff\u00e9rents est davantage repr\u00e9sentatif de la vie en soci\u00e9t\u00e9. Cela favorise la coop\u00e9ration, et cette diversit\u00e9 est une grande richesse pour la vie de la classe et les projets communs. C&rsquo;est \u00e9galement une belle opportunit\u00e9 pour que chacun se responsabilise vis-\u00e0-vis de lui-m\u00eame et des autres.<\/p>\n\n\n\n<p>Alors que les niveaux uniques peuvent parfois accentuer la pression et la comp\u00e9tition des \u00e9l\u00e8ves qui doivent uniformiser leurs apprentissages, particuli\u00e8rement lorsqu\u2019ils sont soumis aux \u00e9valuations standardis\u00e9es, l\u2019\u00e9cole alternative se veut respectueuse du rythme de chacun, encourageant l\u2019autonomie et l\u2019entraide.<\/p>\n\n\n\n<div style=\"height:100px\" aria-hidden=\"true\" class=\"wp-block-spacer\"><\/div>\n","protected":false},"excerpt":{"rendered":"<p>Qu&rsquo;est-ce qu&rsquo;une \u00e9cole priv\u00e9e hors contrat&nbsp;? C\u2019est une \u00e9cole qui n\u2019a pas sign\u00e9 d\u2019accord avec l\u2019Etat. On dit que cet \u00e9tablissement est \u201chors-contrat\u00a0\u00bb, donc priv\u00e9. Il n\u2019est pas soutenu par [&hellip;]<\/p>\n","protected":false},"author":1,"featured_media":0,"parent":0,"menu_order":0,"comment_status":"closed","ping_status":"closed","template":"","meta":{"site-sidebar-layout":"default","site-content-layout":"","ast-site-content-layout":"default","site-content-style":"default","site-sidebar-style":"default","ast-global-header-display":"","ast-banner-title-visibility":"","ast-main-header-display":"","ast-hfb-above-header-display":"","ast-hfb-below-header-display":"","ast-hfb-mobile-header-display":"","site-post-title":"","ast-breadcrumbs-content":"","ast-featured-img":"","footer-sml-layout":"","ast-disable-related-posts":"","theme-transparent-header-meta":"","adv-header-id-meta":"","stick-header-meta":"","header-above-stick-meta":"","header-main-stick-meta":"","header-below-stick-meta":"","astra-migrate-meta-layouts":"set","ast-page-background-enabled":"default","ast-page-background-meta":{"desktop":{"background-color":"var(--ast-global-color-4)","background-image":"","background-repeat":"repeat","background-position":"center center","background-size":"auto","background-attachment":"scroll","background-type":"","background-media":"","overlay-type":"","overlay-color":"","overlay-opacity":"","overlay-gradient":""},"tablet":{"background-color":"","background-image":"","background-repeat":"repeat","background-position":"center center","background-size":"auto","background-attachment":"scroll","background-type":"","background-media":"","overlay-type":"","overlay-color":"","overlay-opacity":"","overlay-gradient":""},"mobile":{"background-color":"","background-image":"","background-repeat":"repeat","background-position":"center center","background-size":"auto","background-attachment":"scroll","background-type":"","background-media":"","overlay-type":"","overlay-color":"","overlay-opacity":"","overlay-gradient":""}},"ast-content-background-meta":{"desktop":{"background-color":"var(--ast-global-color-5)","background-image":"","background-repeat":"repeat","background-position":"center center","background-size":"auto","background-attachment":"scroll","background-type":"","background-media":"","overlay-type":"","overlay-color":"","overlay-opacity":"","overlay-gradient":""},"tablet":{"background-color":"var(--ast-global-color-5)","background-image":"","background-repeat":"repeat","background-position":"center center","background-size":"auto","background-attachment":"scroll","background-type":"","background-media":"","overlay-type":"","overlay-color":"","overlay-opacity":"","overlay-gradient":""},"mobile":{"background-color":"var(--ast-global-color-5)","background-image":"","background-repeat":"repeat","background-position":"center center","background-size":"auto","background-attachment":"scroll","background-type":"","background-media":"","overlay-type":"","overlay-color":"","overlay-opacity":"","overlay-gradient":""}},"_EventAllDay":false,"_EventTimezone":"","_EventStartDate":"","_EventEndDate":"","_EventStartDateUTC":"","_EventEndDateUTC":"","_EventShowMap":false,"_EventShowMapLink":false,"_EventURL":"","_EventCost":"","_EventCostDescription":"","_EventCurrencySymbol":"","_EventCurrencyCode":"","_EventCurrencyPosition":"","_EventDateTimeSeparator":"","_EventTimeRangeSeparator":"","_EventOrganizerID":[],"_EventVenueID":[],"_OrganizerEmail":"","_OrganizerPhone":"","_OrganizerWebsite":"","_VenueAddress":"","_VenueCity":"","_VenueCountry":"","_VenueProvince":"","_VenueState":"","_VenueZip":"","_VenuePhone":"","_VenueURL":"","_VenueStateProvince":"","_VenueLat":"","_VenueLng":"","_VenueShowMap":false,"_VenueShowMapLink":false,"footnotes":""},"class_list":["post-97","page","type-page","status-publish","hentry"],"jetpack_sharing_enabled":true,"_links":{"self":[{"href":"https:\/\/pousseenchoeur.fr\/index.php\/wp-json\/wp\/v2\/pages\/97","targetHints":{"allow":["GET"]}}],"collection":[{"href":"https:\/\/pousseenchoeur.fr\/index.php\/wp-json\/wp\/v2\/pages"}],"about":[{"href":"https:\/\/pousseenchoeur.fr\/index.php\/wp-json\/wp\/v2\/types\/page"}],"author":[{"embeddable":true,"href":"https:\/\/pousseenchoeur.fr\/index.php\/wp-json\/wp\/v2\/users\/1"}],"replies":[{"embeddable":true,"href":"https:\/\/pousseenchoeur.fr\/index.php\/wp-json\/wp\/v2\/comments?post=97"}],"version-history":[{"count":13,"href":"https:\/\/pousseenchoeur.fr\/index.php\/wp-json\/wp\/v2\/pages\/97\/revisions"}],"predecessor-version":[{"id":579,"href":"https:\/\/pousseenchoeur.fr\/index.php\/wp-json\/wp\/v2\/pages\/97\/revisions\/579"}],"wp:attachment":[{"href":"https:\/\/pousseenchoeur.fr\/index.php\/wp-json\/wp\/v2\/media?parent=97"}],"curies":[{"name":"wp","href":"https:\/\/api.w.org\/{rel}","templated":true}]}}