{"id":82,"date":"2023-09-12T20:33:10","date_gmt":"2023-09-12T18:33:10","guid":{"rendered":"https:\/\/pousseenchoeur.fr\/?page_id=82"},"modified":"2025-09-16T20:19:56","modified_gmt":"2025-09-16T18:19:56","slug":"les-pedagogies-et-sources-dinspiration","status":"publish","type":"page","link":"https:\/\/pousseenchoeur.fr\/index.php\/lecole\/les-pedagogies-et-sources-dinspiration\/","title":{"rendered":"Les p\u00e9dagogies et sources d&rsquo;inspiration"},"content":{"rendered":"\n<h1 class=\"wp-block-heading alignwide has-text-align-center\"><strong>Nos sources d&rsquo;inspiration<\/strong><\/h1>\n\n\n\n<div style=\"height:50px\" aria-hidden=\"true\" class=\"wp-block-spacer\"><\/div>\n\n\n\n<p>Notre \u00e9cole ne se revendique d&rsquo;aucune p\u00e9dagogie en particulier. Cependant, nous nous inspirons d&rsquo;un certain nombre de p\u00e9dagogies et m\u00e9thodes dont nous vous proposons un petit aper\u00e7u ici.<\/p>\n\n\n\n<div class=\"wp-block-columns is-layout-flex wp-container-core-columns-is-layout-28f84493 wp-block-columns-is-layout-flex\">\n<div class=\"wp-block-column is-vertically-aligned-center is-layout-flow wp-block-column-is-layout-flow\" style=\"flex-basis:50%\">\n<figure class=\"wp-block-image aligncenter size-large is-resized\"><img data-recalc-dims=\"1\" loading=\"lazy\" decoding=\"async\" width=\"683\" height=\"1024\" src=\"https:\/\/i0.wp.com\/pousseenchoeur.fr\/wp-content\/uploads\/2023\/09\/DSCF2334_09_2023.jpg?resize=683%2C1024&#038;ssl=1\" alt=\"\" class=\"wp-image-657\" style=\"width:350px;height:undefinedpx\" srcset=\"https:\/\/i0.wp.com\/pousseenchoeur.fr\/wp-content\/uploads\/2023\/09\/DSCF2334_09_2023-scaled.jpg?resize=683%2C1024&amp;ssl=1 683w, https:\/\/i0.wp.com\/pousseenchoeur.fr\/wp-content\/uploads\/2023\/09\/DSCF2334_09_2023-scaled.jpg?resize=200%2C300&amp;ssl=1 200w, https:\/\/i0.wp.com\/pousseenchoeur.fr\/wp-content\/uploads\/2023\/09\/DSCF2334_09_2023-scaled.jpg?resize=768%2C1152&amp;ssl=1 768w, https:\/\/i0.wp.com\/pousseenchoeur.fr\/wp-content\/uploads\/2023\/09\/DSCF2334_09_2023-scaled.jpg?resize=1024%2C1536&amp;ssl=1 1024w, https:\/\/i0.wp.com\/pousseenchoeur.fr\/wp-content\/uploads\/2023\/09\/DSCF2334_09_2023-scaled.jpg?resize=1365%2C2048&amp;ssl=1 1365w, https:\/\/i0.wp.com\/pousseenchoeur.fr\/wp-content\/uploads\/2023\/09\/DSCF2334_09_2023-scaled.jpg?w=1707&amp;ssl=1 1707w\" sizes=\"auto, (max-width: 683px) 100vw, 683px\" \/><\/figure>\n<\/div>\n\n\n\n<div class=\"wp-block-column is-vertically-aligned-center is-layout-flow wp-block-column-is-layout-flow\" style=\"flex-basis:50%\">\n<h2 class=\"wp-block-heading has-text-align-center\"><strong>La P\u00e9dagogie Par la Nature<\/strong><\/h2>\n\n\n\n<p class=\"has-text-align-left\">La P\u00e9dagogie Par la Nature (PPN) est notre principale source d&rsquo;inspiration. Cette p\u00e9dagogie promeut le d\u00e9veloppement des enfants au travers d&rsquo;activit\u00e9s r\u00e9guli\u00e8res de d\u00e9couverte dans un environnement naturel, si possible bois\u00e9. C&rsquo;est une approche fond\u00e9e sur l&rsquo;observation des rythmes d&rsquo;apprentissages, l&rsquo;accompagnement bienveillant et le respect du rythme de chacun.<\/p>\n\n\n\n<p>La P\u00e9dagogie Par la Nature repose sur 7 points cl\u00e9s :<br>&#8211; <strong>le jeu libre<\/strong> ;<br>&#8211; <strong>un lieu naturel et inspirant<\/strong> ;<br>&#8211; la r\u00e9currence et le temps long ;<br>&#8211; les participants au c\u0153ur des pratiques ;<br>&#8211; <strong>le processus, pas le r\u00e9sultat<\/strong> ;<br>&#8211; <strong>la prise de risque mesur\u00e9e<\/strong> ;<br>&#8211; <strong>la pr\u00e9sence de l&rsquo;adulte<\/strong>.<\/p>\n\n\n\n<div class=\"wp-block-buttons alignwide is-content-justification-center is-layout-flex wp-container-core-buttons-is-layout-a89b3969 wp-block-buttons-is-layout-flex\">\n<div class=\"wp-block-button\"><a class=\"wp-block-button__link has-text-align-center wp-element-button\" href=\"https:\/\/www.reseau-pedagogie-nature.org\">Pour en savoir plus : site du RPPN<\/a><\/div>\n<\/div>\n<\/div>\n<\/div>\n\n\n\n<div style=\"height:50px\" aria-hidden=\"true\" class=\"wp-block-spacer\"><\/div>\n\n\n\n<figure class=\"wp-block-image aligncenter size-full is-resized\"><img data-recalc-dims=\"1\" loading=\"lazy\" decoding=\"async\" width=\"250\" height=\"90\" src=\"https:\/\/i0.wp.com\/pousseenchoeur.fr\/wp-content\/uploads\/2023\/09\/fleur-1.png?resize=250%2C90&#038;ssl=1\" alt=\"\" class=\"wp-image-309\" style=\"width:138px;height:50px\"\/><\/figure>\n\n\n\n<div class=\"wp-block-columns is-layout-flex wp-container-core-columns-is-layout-28f84493 wp-block-columns-is-layout-flex\">\n<div class=\"wp-block-column is-vertically-aligned-center is-layout-flow wp-block-column-is-layout-flow\" style=\"flex-basis:50%\">\n<h2 class=\"wp-block-heading has-text-align-center\"><strong>La p\u00e9dagogie Freinet<\/strong><\/h2>\n\n\n\n<p>La p\u00e9dagogie Freinet est une p\u00e9dagogie qui encourage l&rsquo;\u00e9mancipation des enfants gr\u00e2ce \u00e0 divers techniques bas\u00e9es, entre autre, sur les principes suivants :<br>&#8211; <strong>la coop\u00e9ration<\/strong> ;<br>&#8211; le t\u00e2tonnement exp\u00e9rimental ;<br>&#8211; la communication ;<br>&#8211; <strong>l&rsquo;expression libre et la cr\u00e9ation <\/strong>;<br>&#8211; l&rsquo;individualisation ;<br>&#8211; <strong>le respect du rythme<\/strong> de chacun.<\/p>\n\n\n\n<div class=\"wp-block-buttons is-content-justification-center is-layout-flex wp-container-core-buttons-is-layout-a89b3969 wp-block-buttons-is-layout-flex\">\n<div class=\"wp-block-button\"><a class=\"wp-block-button__link wp-element-button\" href=\"https:\/\/www.icem-pedagogie-freinet.org\/accueil-la-pedagogie-freinet\">Pour en savoir plus : site de l&rsquo;ICEM &#8211; P\u00e9dagogie Freinet<\/a><\/div>\n<\/div>\n<\/div>\n\n\n\n<div class=\"wp-block-column is-vertically-aligned-center is-layout-flow wp-block-column-is-layout-flow\" style=\"flex-basis:50%\">\n<figure class=\"wp-block-image aligncenter size-large\"><img data-recalc-dims=\"1\" loading=\"lazy\" decoding=\"async\" width=\"1024\" height=\"683\" src=\"https:\/\/i0.wp.com\/pousseenchoeur.fr\/wp-content\/uploads\/2023\/09\/DSCF2443_09_2023.jpg?resize=1024%2C683&#038;ssl=1\" alt=\"cr\u00e9ation avec de l'argile\" class=\"wp-image-663\" srcset=\"https:\/\/i0.wp.com\/pousseenchoeur.fr\/wp-content\/uploads\/2023\/09\/DSCF2443_09_2023-scaled.jpg?resize=1024%2C683&amp;ssl=1 1024w, https:\/\/i0.wp.com\/pousseenchoeur.fr\/wp-content\/uploads\/2023\/09\/DSCF2443_09_2023-scaled.jpg?resize=300%2C200&amp;ssl=1 300w, https:\/\/i0.wp.com\/pousseenchoeur.fr\/wp-content\/uploads\/2023\/09\/DSCF2443_09_2023-scaled.jpg?resize=768%2C512&amp;ssl=1 768w, https:\/\/i0.wp.com\/pousseenchoeur.fr\/wp-content\/uploads\/2023\/09\/DSCF2443_09_2023-scaled.jpg?resize=1536%2C1024&amp;ssl=1 1536w, https:\/\/i0.wp.com\/pousseenchoeur.fr\/wp-content\/uploads\/2023\/09\/DSCF2443_09_2023-scaled.jpg?resize=2048%2C1365&amp;ssl=1 2048w\" sizes=\"auto, (max-width: 1000px) 100vw, 1000px\" \/><\/figure>\n<\/div>\n<\/div>\n\n\n\n<div style=\"height:50px\" aria-hidden=\"true\" class=\"wp-block-spacer\"><\/div>\n\n\n\n<figure class=\"wp-block-image aligncenter size-full is-resized\"><img data-recalc-dims=\"1\" loading=\"lazy\" decoding=\"async\" width=\"250\" height=\"90\" src=\"https:\/\/i0.wp.com\/pousseenchoeur.fr\/wp-content\/uploads\/2023\/09\/fleur-1.png?resize=250%2C90&#038;ssl=1\" alt=\"\" class=\"wp-image-309\" style=\"width:138px;height:50px\"\/><\/figure>\n\n\n\n<div class=\"wp-block-columns is-layout-flex wp-container-core-columns-is-layout-28f84493 wp-block-columns-is-layout-flex\">\n<div class=\"wp-block-column is-layout-flow wp-block-column-is-layout-flow\" style=\"flex-basis:50%\"><\/div>\n\n\n\n<div class=\"wp-block-column is-vertically-aligned-center is-layout-flow wp-block-column-is-layout-flow\" style=\"flex-basis:50%\">\n<h2 class=\"wp-block-heading has-text-align-center\"><strong>La p\u00e9dagogie Montessori<\/strong><\/h2>\n\n\n\n<p>La p\u00e9dagogie Montessori est bien connue aujourd&rsquo;hui pour le mat\u00e9riel p\u00e9dagogique imagin\u00e9 par Maria Montessori. L&rsquo;objectif de cette p\u00e9dagogie est de permettre le d\u00e9veloppement du potentiel de chaque enfant, gr\u00e2ce \u00e0 <strong>un environnement appropri\u00e9<\/strong> (avec notamment du mobilier adapt\u00e9) et au respect de sa personnalit\u00e9. Les principes sur lesquels repose cette p\u00e9dagogie sont les suivants :<br>&#8211; la libert\u00e9 de choisir son activit\u00e9 ;<br>&#8211; <strong>apprendre \u00e0 faire seul<\/strong>, gr\u00e2ce \u00e0 du mat\u00e9riel autocorrectif et \u00e0 la pr\u00e9sence discr\u00e8te de l&rsquo;adulte accompagnateur ;<br>&#8211; <strong>l&rsquo;apprentissage en mouvement<\/strong> pour r\u00e9pondre au besoin naturel de bouger de l&rsquo;enfant ;<br>&#8211; s&rsquo;adapter \u00e0 l&rsquo;enfant pour la pr\u00e9paration du mat\u00e9riel et le rythme des apprentissages ;<br>&#8211; enseigner un concept \u00e0 la fois ;<br>&#8211; responsabiliser l&rsquo;enfant via le rangement du mat\u00e9riel utilis\u00e9 ;<br>&#8211; <strong>le m\u00e9lange des \u00e2ges<\/strong>.<\/p>\n\n\n\n<div class=\"wp-block-buttons is-content-justification-center is-layout-flex wp-container-core-buttons-is-layout-a89b3969 wp-block-buttons-is-layout-flex\">\n<div class=\"wp-block-button\"><a class=\"wp-block-button__link wp-element-button\" href=\"https:\/\/www.montessori-france.asso.fr\/page\/155447-la-pedagogie-montessori-une-aide-a-la-vie\">Pour en savoir plus : site de l&rsquo;association Montessori de France<\/a><\/div>\n<\/div>\n<\/div>\n<\/div>\n\n\n\n<div style=\"height:50px\" aria-hidden=\"true\" class=\"wp-block-spacer\"><\/div>\n\n\n\n<figure class=\"wp-block-image aligncenter size-full is-resized\"><img data-recalc-dims=\"1\" loading=\"lazy\" decoding=\"async\" width=\"250\" height=\"90\" src=\"https:\/\/i0.wp.com\/pousseenchoeur.fr\/wp-content\/uploads\/2023\/09\/fleur-1.png?resize=250%2C90&#038;ssl=1\" alt=\"\" class=\"wp-image-309\" style=\"width:138px;height:50px\"\/><\/figure>\n\n\n\n<div class=\"wp-block-columns is-layout-flex wp-container-core-columns-is-layout-28f84493 wp-block-columns-is-layout-flex\">\n<div class=\"wp-block-column is-vertically-aligned-center is-layout-flow wp-block-column-is-layout-flow\" style=\"flex-basis:50%\">\n<h2 class=\"wp-block-heading has-text-align-center\"><strong>La Communication NonViolente<\/strong><\/h2>\n\n\n\n<p>La Communication NonViolente (CNV) est une m\u00e9thode de communication cr\u00e9\u00e9e par Marshall Rosenberg, dans laquelle l&rsquo;intention est de <strong>se relier \u00e0 l&rsquo;autre<\/strong>, de cr\u00e9er des liens de qualit\u00e9 entre les personnes. Cela passe par notamment par une <strong>\u00e9coute empathique<\/strong>, une observation des faits d\u00e9nu\u00e9e de jugement et d&rsquo;interpr\u00e9tation et une expression sinc\u00e8re de ses <strong>sentiments et besoins<\/strong>. Cette fa\u00e7on de communiquer permet de <strong>s&rsquo;affirmer en toute authenticit\u00e9 tout en respectant l&rsquo;autre<\/strong>. Elle permet \u00e9galement d&rsquo;<strong>identifier quelles sont nos limites et de les exprimer<\/strong> tout en s&rsquo;int\u00e9ressant \u00e0 ce que ces limites font vivre \u00e0 l&rsquo;autre et en cherchant \u00e0 prendre en compte ses besoins aussi.<\/p>\n\n\n\n<div class=\"wp-block-buttons is-content-justification-center is-layout-flex wp-container-core-buttons-is-layout-a89b3969 wp-block-buttons-is-layout-flex\">\n<div class=\"wp-block-button\"><a class=\"wp-block-button__link wp-element-button\" href=\"https:\/\/cnvfrance.fr\/communication-non-violente\/\">Pour en savoir plus : site de l&rsquo;ACNV<\/a><\/div>\n<\/div>\n<\/div>\n\n\n\n<div class=\"wp-block-column is-vertically-aligned-center is-layout-flow wp-block-column-is-layout-flow\" style=\"flex-basis:50%\">\n<figure class=\"wp-block-image aligncenter size-large is-resized\"><img data-recalc-dims=\"1\" loading=\"lazy\" decoding=\"async\" width=\"683\" height=\"1024\" src=\"https:\/\/i0.wp.com\/pousseenchoeur.fr\/wp-content\/uploads\/2023\/09\/DSCF2505_09_2023.jpg?resize=683%2C1024&#038;ssl=1\" alt=\"attitude d'\u00e9coute empathique\" class=\"wp-image-670\" style=\"width:350px;height:undefinedpx\" srcset=\"https:\/\/i0.wp.com\/pousseenchoeur.fr\/wp-content\/uploads\/2023\/09\/DSCF2505_09_2023-scaled.jpg?resize=683%2C1024&amp;ssl=1 683w, https:\/\/i0.wp.com\/pousseenchoeur.fr\/wp-content\/uploads\/2023\/09\/DSCF2505_09_2023-scaled.jpg?resize=200%2C300&amp;ssl=1 200w, https:\/\/i0.wp.com\/pousseenchoeur.fr\/wp-content\/uploads\/2023\/09\/DSCF2505_09_2023-scaled.jpg?resize=768%2C1152&amp;ssl=1 768w, https:\/\/i0.wp.com\/pousseenchoeur.fr\/wp-content\/uploads\/2023\/09\/DSCF2505_09_2023-scaled.jpg?resize=1024%2C1536&amp;ssl=1 1024w, https:\/\/i0.wp.com\/pousseenchoeur.fr\/wp-content\/uploads\/2023\/09\/DSCF2505_09_2023-scaled.jpg?resize=1365%2C2048&amp;ssl=1 1365w, https:\/\/i0.wp.com\/pousseenchoeur.fr\/wp-content\/uploads\/2023\/09\/DSCF2505_09_2023-scaled.jpg?w=1707&amp;ssl=1 1707w\" sizes=\"auto, (max-width: 683px) 100vw, 683px\" \/><\/figure>\n<\/div>\n<\/div>\n\n\n\n<div style=\"height:50px\" aria-hidden=\"true\" class=\"wp-block-spacer\"><\/div>\n\n\n\n<figure class=\"wp-block-image aligncenter size-full is-resized\"><img data-recalc-dims=\"1\" loading=\"lazy\" decoding=\"async\" width=\"250\" height=\"90\" src=\"https:\/\/i0.wp.com\/pousseenchoeur.fr\/wp-content\/uploads\/2023\/09\/fleur-1.png?resize=250%2C90&#038;ssl=1\" alt=\"\" class=\"wp-image-309\" style=\"width:138px;height:50px\"\/><\/figure>\n\n\n\n<div class=\"wp-block-columns is-layout-flex wp-container-core-columns-is-layout-28f84493 wp-block-columns-is-layout-flex\">\n<div class=\"wp-block-column is-vertically-aligned-center is-layout-flow wp-block-column-is-layout-flow\">\n<figure class=\"wp-block-image aligncenter size-large is-resized\"><img data-recalc-dims=\"1\" loading=\"lazy\" decoding=\"async\" width=\"683\" height=\"1024\" src=\"https:\/\/i0.wp.com\/pousseenchoeur.fr\/wp-content\/uploads\/2023\/09\/DSCF2422_09_2023.jpg?resize=683%2C1024&#038;ssl=1\" alt=\"cr\u00e9ation nature\" class=\"wp-image-659\" style=\"width:350px;height:undefinedpx\" srcset=\"https:\/\/i0.wp.com\/pousseenchoeur.fr\/wp-content\/uploads\/2023\/09\/DSCF2422_09_2023-scaled.jpg?resize=683%2C1024&amp;ssl=1 683w, https:\/\/i0.wp.com\/pousseenchoeur.fr\/wp-content\/uploads\/2023\/09\/DSCF2422_09_2023-scaled.jpg?resize=200%2C300&amp;ssl=1 200w, https:\/\/i0.wp.com\/pousseenchoeur.fr\/wp-content\/uploads\/2023\/09\/DSCF2422_09_2023-scaled.jpg?resize=768%2C1152&amp;ssl=1 768w, https:\/\/i0.wp.com\/pousseenchoeur.fr\/wp-content\/uploads\/2023\/09\/DSCF2422_09_2023-scaled.jpg?resize=1024%2C1536&amp;ssl=1 1024w, https:\/\/i0.wp.com\/pousseenchoeur.fr\/wp-content\/uploads\/2023\/09\/DSCF2422_09_2023-scaled.jpg?resize=1365%2C2048&amp;ssl=1 1365w, https:\/\/i0.wp.com\/pousseenchoeur.fr\/wp-content\/uploads\/2023\/09\/DSCF2422_09_2023-scaled.jpg?w=1707&amp;ssl=1 1707w\" sizes=\"auto, (max-width: 683px) 100vw, 683px\" \/><\/figure>\n<\/div>\n\n\n\n<div class=\"wp-block-column is-vertically-aligned-center is-layout-flow wp-block-column-is-layout-flow\">\n<h2 class=\"wp-block-heading has-text-align-center\"><strong>La p\u00e9dagogie Steiner-Waldorf<\/strong><\/h2>\n\n\n\n<p class=\"has-text-align-left\">C&rsquo;est une p\u00e9dagogie qui donne une place importante \u00e0 l&rsquo;environnement naturel et \u00e0 l&rsquo;importance de rester connect\u00e9 avec la Nature et les mat\u00e9riaux d&rsquo;origine naturelle. Les besoins de l&rsquo;enfant sont pris en compte, et les apprentissages se font \u00e0 son rythme. Les activit\u00e9s cr\u00e9atives et artistiques sont mises en avant, de mani\u00e8re \u00e0 permettre aux enfants de maximiser leur potentiel cr\u00e9atif. L&rsquo;enfant est \u00e9duqu\u00e9 loin du stress de la vie moderne et de la technologie moderne, telle que les \u00e9crans. <\/p>\n\n\n\n<p class=\"has-text-align-left\">Tout au long de leur scolarit\u00e9, les enfants sont invit\u00e9s \u00e0 cr\u00e9er, imaginer, \u00e0 c\u00e9l\u00e9brer les saisons, \u00e0 \u00e9couter contes et l\u00e9gendes&#8230; L&rsquo;imaginaire est pr\u00e9pond\u00e9rant, surtout au Jardin d&rsquo;enfants. L&rsquo;art a une place particuli\u00e8rement importante dans les \u00e9coles Steiner, jusqu&rsquo;\u00e0 \u00eatre exploit\u00e9 au c\u0153ur des enseignements acad\u00e9miques.<\/p>\n\n\n\n<div class=\"wp-block-buttons is-layout-flex wp-block-buttons-is-layout-flex\">\n<div class=\"wp-block-button\"><a class=\"wp-block-button__link wp-element-button\" href=\"https:\/\/pedagogie-waldorf.fr\/decouvrir-pedagogie-waldorf\/\">En savoir plus : site de la f\u00e9d\u00e9ration p\u00e9dagogie Steiner-Waldorf<\/a><\/div>\n<\/div>\n<\/div>\n<\/div>\n\n\n\n<div style=\"height:100px\" aria-hidden=\"true\" class=\"wp-block-spacer\"><\/div>\n","protected":false},"excerpt":{"rendered":"<p>Nos sources d&rsquo;inspiration Notre \u00e9cole ne se revendique d&rsquo;aucune p\u00e9dagogie en particulier. Cependant, nous nous inspirons d&rsquo;un certain nombre de p\u00e9dagogies et m\u00e9thodes dont nous vous proposons un petit aper\u00e7u [&hellip;]<\/p>\n","protected":false},"author":1,"featured_media":0,"parent":72,"menu_order":0,"comment_status":"closed","ping_status":"closed","template":"","meta":{"site-sidebar-layout":"default","site-content-layout":"","ast-site-content-layout":"default","site-content-style":"default","site-sidebar-style":"default","ast-global-header-display":"","ast-banner-title-visibility":"","ast-main-header-display":"","ast-hfb-above-header-display":"","ast-hfb-below-header-display":"","ast-hfb-mobile-header-display":"","site-post-title":"disabled","ast-breadcrumbs-content":"","ast-featured-img":"","footer-sml-layout":"","ast-disable-related-posts":"","theme-transparent-header-meta":"","adv-header-id-meta":"","stick-header-meta":"","header-above-stick-meta":"","header-main-stick-meta":"","header-below-stick-meta":"","astra-migrate-meta-layouts":"set","ast-page-background-enabled":"default","ast-page-background-meta":{"desktop":{"background-color":"var(--ast-global-color-4)","background-image":"","background-repeat":"repeat","background-position":"center center","background-size":"auto","background-attachment":"scroll","background-type":"","background-media":"","overlay-type":"","overlay-color":"","overlay-opacity":"","overlay-gradient":""},"tablet":{"background-color":"","background-image":"","background-repeat":"repeat","background-position":"center center","background-size":"auto","background-attachment":"scroll","background-type":"","background-media":"","overlay-type":"","overlay-color":"","overlay-opacity":"","overlay-gradient":""},"mobile":{"background-color":"","background-image":"","background-repeat":"repeat","background-position":"center center","background-size":"auto","background-attachment":"scroll","background-type":"","background-media":"","overlay-type":"","overlay-color":"","overlay-opacity":"","overlay-gradient":""}},"ast-content-background-meta":{"desktop":{"background-color":"var(--ast-global-color-5)","background-image":"","background-repeat":"repeat","background-position":"center center","background-size":"auto","background-attachment":"scroll","background-type":"","background-media":"","overlay-type":"","overlay-color":"","overlay-opacity":"","overlay-gradient":""},"tablet":{"background-color":"var(--ast-global-color-5)","background-image":"","background-repeat":"repeat","background-position":"center center","background-size":"auto","background-attachment":"scroll","background-type":"","background-media":"","overlay-type":"","overlay-color":"","overlay-opacity":"","overlay-gradient":""},"mobile":{"background-color":"var(--ast-global-color-5)","background-image":"","background-repeat":"repeat","background-position":"center center","background-size":"auto","background-attachment":"scroll","background-type":"","background-media":"","overlay-type":"","overlay-color":"","overlay-opacity":"","overlay-gradient":""}},"_EventAllDay":false,"_EventTimezone":"","_EventStartDate":"","_EventEndDate":"","_EventStartDateUTC":"","_EventEndDateUTC":"","_EventShowMap":false,"_EventShowMapLink":false,"_EventURL":"","_EventCost":"","_EventCostDescription":"","_EventCurrencySymbol":"","_EventCurrencyCode":"","_EventCurrencyPosition":"","_EventDateTimeSeparator":"","_EventTimeRangeSeparator":"","_EventOrganizerID":[],"_EventVenueID":[],"_OrganizerEmail":"","_OrganizerPhone":"","_OrganizerWebsite":"","_VenueAddress":"","_VenueCity":"","_VenueCountry":"","_VenueProvince":"","_VenueState":"","_VenueZip":"","_VenuePhone":"","_VenueURL":"","_VenueStateProvince":"","_VenueLat":"","_VenueLng":"","_VenueShowMap":false,"_VenueShowMapLink":false,"footnotes":""},"class_list":["post-82","page","type-page","status-publish","hentry"],"jetpack_sharing_enabled":true,"_links":{"self":[{"href":"https:\/\/pousseenchoeur.fr\/index.php\/wp-json\/wp\/v2\/pages\/82","targetHints":{"allow":["GET"]}}],"collection":[{"href":"https:\/\/pousseenchoeur.fr\/index.php\/wp-json\/wp\/v2\/pages"}],"about":[{"href":"https:\/\/pousseenchoeur.fr\/index.php\/wp-json\/wp\/v2\/types\/page"}],"author":[{"embeddable":true,"href":"https:\/\/pousseenchoeur.fr\/index.php\/wp-json\/wp\/v2\/users\/1"}],"replies":[{"embeddable":true,"href":"https:\/\/pousseenchoeur.fr\/index.php\/wp-json\/wp\/v2\/comments?post=82"}],"version-history":[{"count":9,"href":"https:\/\/pousseenchoeur.fr\/index.php\/wp-json\/wp\/v2\/pages\/82\/revisions"}],"predecessor-version":[{"id":1198,"href":"https:\/\/pousseenchoeur.fr\/index.php\/wp-json\/wp\/v2\/pages\/82\/revisions\/1198"}],"up":[{"embeddable":true,"href":"https:\/\/pousseenchoeur.fr\/index.php\/wp-json\/wp\/v2\/pages\/72"}],"wp:attachment":[{"href":"https:\/\/pousseenchoeur.fr\/index.php\/wp-json\/wp\/v2\/media?parent=82"}],"curies":[{"name":"wp","href":"https:\/\/api.w.org\/{rel}","templated":true}]}}