{"id":78,"date":"2023-09-12T20:30:59","date_gmt":"2023-09-12T18:30:59","guid":{"rendered":"https:\/\/pousseenchoeur.fr\/?page_id=78"},"modified":"2025-11-16T19:23:27","modified_gmt":"2025-11-16T18:23:27","slug":"tarifs","status":"publish","type":"page","link":"https:\/\/pousseenchoeur.fr\/index.php\/lecole\/tarifs\/","title":{"rendered":"Tarifs"},"content":{"rendered":"\n<h1 class=\"wp-block-heading has-text-align-center\"><strong>Tarifs<\/strong><\/h1>\n\n\n\n<div style=\"height:50px\" aria-hidden=\"true\" class=\"wp-block-spacer\"><\/div>\n\n\n\n<div class=\"wp-block-columns is-not-stacked-on-mobile is-layout-flex wp-container-core-columns-is-layout-28f84493 wp-block-columns-is-layout-flex\">\n<div class=\"wp-block-column is-layout-flow wp-block-column-is-layout-flow\" style=\"flex-basis:5%\"><\/div>\n\n\n\n<div class=\"wp-block-column is-layout-flow wp-block-column-is-layout-flow\">\n<p class=\"has-text-align-justify\">Afin de rendre accessible cette \u00e9cole au plus grand nombre, nous souhaitons proposer des tarifs qui resteront les plus faibles possibles.<br>Pour l&rsquo;ann\u00e9e 2025-2026 les tarifs sont les suivants :<\/p>\n\n\n\n<p class=\"has-text-align-center\">Tarif par enfant pour les familles effectuant le b\u00e9n\u00e9volat : <\/p>\n\n\n\n<p class=\"has-text-align-center\"><strong>2400\u20ac pour l\u2019ann\u00e9e<\/strong><br>soit 240\u20ac par mois de septembre \u00e0 juin inclus<br>+ 2 ch\u00e8ques de 240\u20ac \u00e0 remettre \u00e0 l\u2019inscription pour juillet et ao\u00fbt *<\/p>\n\n\n\n<p class=\"has-text-align-center\"><em>Une r\u00e9duction de 10% sera appliqu\u00e9e pour les fratries, soit <\/em>216<em>\u20ac\/mois par enfant.<\/em><\/p>\n\n\n\n<p class=\"has-text-align-justify\">Pour pouvoir appliquer ces tarifs, l\u2019\u00e9cole fait appel \u00e0 des b\u00e9n\u00e9voles pour diverses t\u00e2ches&nbsp;: soutien \u00e0 l\u2019enseignante en classe, encadrement d\u2019activit\u00e9s sp\u00e9cifiques, entretien du lieu, organisation d\u2019\u00e9v\u00e8nements, \u2026<\/p>\n\n\n\n<p class=\"has-text-align-justify\">C\u2019est ainsi que <strong>chaque famille s\u2019engage \u00e0 effectuer un certain nombre de t\u00e2ches dans l&rsquo;ann\u00e9e pour le fonctionnement de l\u2019\u00e9cole<\/strong>. Cela peut se faire de diff\u00e9rentes mani\u00e8res en fonction des comp\u00e9tences et possibilit\u00e9s de chacun&nbsp;:<\/p>\n\n\n\n<ul class=\"wp-block-list\">\n<li>Soutenir l\u2019enseignante en classe. Les parents souhaitant s\u2019impliquer de cette fa\u00e7on auront un entretien pr\u00e9alable avec l\u2019\u00e9quipe p\u00e9dagogique.<\/li>\n\n\n\n<li>Encadrer des activit\u00e9s sp\u00e9cifiques, en fonction des comp\u00e9tences de chacun. L\u00e0 encore un entretien avec l\u2019\u00e9quipe p\u00e9dagogique sera n\u00e9cessaire.<\/li>\n\n\n\n<li>Faire le m\u00e9nage de l\u2019\u00e9cole.<\/li>\n\n\n\n<li>Participer \u00e0 l\u2019entretien du jardin ou l\u2019am\u00e9nagement de l\u2019espace en for\u00eat.<\/li>\n\n\n\n<li>Participer \u00e0 des chantiers sp\u00e9cifiques (travaux, fabrication de mat\u00e9riel p\u00e9dagogique, de mobilier ou de jeux en bois, \u2026)<\/li>\n\n\n\n<li>\u2026<\/li>\n<\/ul>\n\n\n\n<p class=\"has-text-align-center\">Tarif par enfant pour les contrats sans b\u00e9n\u00e9volat : <\/p>\n\n\n\n<p class=\"has-text-align-center\"><strong><strong>3600\u20ac pour l\u2019ann\u00e9e<\/strong><br><\/strong>soit 360\u20ac par mois de septembre \u00e0 juin inclus<br>+ 2 ch\u00e8ques de 360\u20ac \u00e0 remettre \u00e0 l\u2019inscription pour juillet et ao\u00fbt *<\/p>\n\n\n\n<p><em>Une r\u00e9duction de 10% sera appliqu\u00e9e pour les fratries, soit 324\u20ac\/mois par enfant.<\/em><\/p>\n\n\n\n<p class=\"has-small-font-size\">* Les ch\u00e8ques seront encaiss\u00e9s en juillet\/ao\u00fbt 2026 si le bilan comptable fin juin 2026 est <span style=\"text-decoration: underline;\">sous +12097\u20ac<\/span> (t\u00e9moin de la viabilit\u00e9 financi\u00e8re du projet). Si la diff\u00e9rence est inf\u00e9rieure \u00e0 un mois de scolarit\u00e9 par enfant, un tarif au prorata sera appliqu\u00e9. Si le bilan est positif, les ch\u00e8ques seront restitu\u00e9s aux familles.<\/p>\n\n\n\n<p class=\"has-text-align-justify\">Par ailleurs, <strong>chaque famille inscrivant son ou ses enfants \u00e0 l\u2019\u00e9cole est invit\u00e9e \u00e0 participer \u00e0 la vie de l&rsquo;association en rejoignant un de ses p\u00f4les<\/strong>.<\/p>\n\n\n\n<div class=\"wp-block-buttons is-content-justification-center is-layout-flex wp-container-core-buttons-is-layout-a89b3969 wp-block-buttons-is-layout-flex\">\n<div class=\"wp-block-button\"><a class=\"wp-block-button__link wp-element-button\" href=\"https:\/\/pousseenchoeur.fr\/index.php\/lassociation\/benevolat\/\">D\u00e9couvrir les p\u00f4les<\/a><\/div>\n<\/div>\n<\/div>\n\n\n\n<div class=\"wp-block-column is-layout-flow wp-block-column-is-layout-flow\" style=\"flex-basis:5%\"><\/div>\n<\/div>\n\n\n\n<div style=\"height:100px\" aria-hidden=\"true\" class=\"wp-block-spacer\"><\/div>\n","protected":false},"excerpt":{"rendered":"<p>Tarifs Afin de rendre accessible cette \u00e9cole au plus grand nombre, nous souhaitons proposer des tarifs qui resteront les plus faibles possibles.Pour l&rsquo;ann\u00e9e 2025-2026 les tarifs sont les suivants : [&hellip;]<\/p>\n","protected":false},"author":1,"featured_media":0,"parent":72,"menu_order":0,"comment_status":"closed","ping_status":"closed","template":"","meta":{"site-sidebar-layout":"default","site-content-layout":"","ast-site-content-layout":"default","site-content-style":"default","site-sidebar-style":"default","ast-global-header-display":"","ast-banner-title-visibility":"","ast-main-header-display":"","ast-hfb-above-header-display":"","ast-hfb-below-header-display":"","ast-hfb-mobile-header-display":"","site-post-title":"disabled","ast-breadcrumbs-content":"","ast-featured-img":"","footer-sml-layout":"","ast-disable-related-posts":"","theme-transparent-header-meta":"","adv-header-id-meta":"","stick-header-meta":"","header-above-stick-meta":"","header-main-stick-meta":"","header-below-stick-meta":"","astra-migrate-meta-layouts":"set","ast-page-background-enabled":"default","ast-page-background-meta":{"desktop":{"background-color":"var(--ast-global-color-4)","background-image":"","background-repeat":"repeat","background-position":"center center","background-size":"auto","background-attachment":"scroll","background-type":"","background-media":"","overlay-type":"","overlay-color":"","overlay-opacity":"","overlay-gradient":""},"tablet":{"background-color":"","background-image":"","background-repeat":"repeat","background-position":"center center","background-size":"auto","background-attachment":"scroll","background-type":"","background-media":"","overlay-type":"","overlay-color":"","overlay-opacity":"","overlay-gradient":""},"mobile":{"background-color":"","background-image":"","background-repeat":"repeat","background-position":"center center","background-size":"auto","background-attachment":"scroll","background-type":"","background-media":"","overlay-type":"","overlay-color":"","overlay-opacity":"","overlay-gradient":""}},"ast-content-background-meta":{"desktop":{"background-color":"var(--ast-global-color-5)","background-image":"","background-repeat":"repeat","background-position":"center center","background-size":"auto","background-attachment":"scroll","background-type":"","background-media":"","overlay-type":"","overlay-color":"","overlay-opacity":"","overlay-gradient":""},"tablet":{"background-color":"var(--ast-global-color-5)","background-image":"","background-repeat":"repeat","background-position":"center center","background-size":"auto","background-attachment":"scroll","background-type":"","background-media":"","overlay-type":"","overlay-color":"","overlay-opacity":"","overlay-gradient":""},"mobile":{"background-color":"var(--ast-global-color-5)","background-image":"","background-repeat":"repeat","background-position":"center center","background-size":"auto","background-attachment":"scroll","background-type":"","background-media":"","overlay-type":"","overlay-color":"","overlay-opacity":"","overlay-gradient":""}},"_EventAllDay":false,"_EventTimezone":"","_EventStartDate":"","_EventEndDate":"","_EventStartDateUTC":"","_EventEndDateUTC":"","_EventShowMap":false,"_EventShowMapLink":false,"_EventURL":"","_EventCost":"","_EventCostDescription":"","_EventCurrencySymbol":"","_EventCurrencyCode":"","_EventCurrencyPosition":"","_EventDateTimeSeparator":"","_EventTimeRangeSeparator":"","_EventOrganizerID":[],"_EventVenueID":[],"_OrganizerEmail":"","_OrganizerPhone":"","_OrganizerWebsite":"","_VenueAddress":"","_VenueCity":"","_VenueCountry":"","_VenueProvince":"","_VenueState":"","_VenueZip":"","_VenuePhone":"","_VenueURL":"","_VenueStateProvince":"","_VenueLat":"","_VenueLng":"","_VenueShowMap":false,"_VenueShowMapLink":false,"footnotes":""},"class_list":["post-78","page","type-page","status-publish","hentry"],"jetpack_sharing_enabled":true,"_links":{"self":[{"href":"https:\/\/pousseenchoeur.fr\/index.php\/wp-json\/wp\/v2\/pages\/78","targetHints":{"allow":["GET"]}}],"collection":[{"href":"https:\/\/pousseenchoeur.fr\/index.php\/wp-json\/wp\/v2\/pages"}],"about":[{"href":"https:\/\/pousseenchoeur.fr\/index.php\/wp-json\/wp\/v2\/types\/page"}],"author":[{"embeddable":true,"href":"https:\/\/pousseenchoeur.fr\/index.php\/wp-json\/wp\/v2\/users\/1"}],"replies":[{"embeddable":true,"href":"https:\/\/pousseenchoeur.fr\/index.php\/wp-json\/wp\/v2\/comments?post=78"}],"version-history":[{"count":18,"href":"https:\/\/pousseenchoeur.fr\/index.php\/wp-json\/wp\/v2\/pages\/78\/revisions"}],"predecessor-version":[{"id":1274,"href":"https:\/\/pousseenchoeur.fr\/index.php\/wp-json\/wp\/v2\/pages\/78\/revisions\/1274"}],"up":[{"embeddable":true,"href":"https:\/\/pousseenchoeur.fr\/index.php\/wp-json\/wp\/v2\/pages\/72"}],"wp:attachment":[{"href":"https:\/\/pousseenchoeur.fr\/index.php\/wp-json\/wp\/v2\/media?parent=78"}],"curies":[{"name":"wp","href":"https:\/\/api.w.org\/{rel}","templated":true}]}}