{"id":622,"date":"2023-09-27T18:01:48","date_gmt":"2023-09-27T16:01:48","guid":{"rendered":"https:\/\/pousseenchoeur.fr\/?page_id=622"},"modified":"2025-10-16T11:12:50","modified_gmt":"2025-10-16T09:12:50","slug":"materiel-recherche","status":"publish","type":"page","link":"https:\/\/pousseenchoeur.fr\/index.php\/materiel-recherche\/","title":{"rendered":"Mat\u00e9riel Recherch\u00e9"},"content":{"rendered":"\n<h1 class=\"wp-block-heading has-text-align-center\"><strong>Liste du mat\u00e9riel recherch\u00e9<\/strong><\/h1>\n\n\n\n<div style=\"height:50px\" aria-hidden=\"true\" class=\"wp-block-spacer\"><\/div>\n\n\n\n<p class=\"has-text-align-center\">Vous souhaitez nous aider en nous faisant don de mat\u00e9riel ? Voici la liste de ce que nous recherchons actuellement.<br>Si vous avez chez vous quelque chose de cette liste que vous n&rsquo;utilisez plus et dont vous souhaitez nous faire profiter, n&rsquo;h\u00e9sitez pas \u00e0 nous contacter via le formulaire de contact ci-dessous, ou pour mail : ecolealternativepetitemontagne@gmail.com. Merci de joindre une photo \u00e0 votre envoi pour que l&rsquo;on puisse vous dire directement si cela nous int\u00e9resse !<\/p>\n\n\n\n<div class=\"wp-block-buttons is-content-justification-center is-layout-flex wp-container-core-buttons-is-layout-a89b3969 wp-block-buttons-is-layout-flex\">\n<div class=\"wp-block-button\"><a class=\"wp-block-button__link wp-element-button\" href=\"https:\/\/pousseenchoeur.fr\/index.php\/contact\/\">Nous contacter<\/a><\/div>\n<\/div>\n\n\n\n<div style=\"height:50px\" aria-hidden=\"true\" class=\"wp-block-spacer\"><\/div>\n\n\n\n<div class=\"wp-block-columns is-layout-flex wp-container-core-columns-is-layout-28f84493 wp-block-columns-is-layout-flex\">\n<div class=\"wp-block-column is-layout-flow wp-block-column-is-layout-flow\">\n<h2 class=\"wp-block-heading has-text-align-center\"><strong>Mobilier<\/strong><\/h2>\n\n\n\n<ul class=\"wp-block-list\">\n<li>Etag\u00e8res de type biblioth\u00e8que<\/li>\n\n\n\n<li>Meubles bas \/ \u00e9tag\u00e8res \u00e0 hauteur d&rsquo;enfant<\/li>\n\n\n\n<li>Petit matelas enfants (60&#215;120 cm) ou couchettes.<\/li>\n\n\n\n<li>Tables et chaises d&rsquo;enfant<\/li>\n\n\n\n<li>Bancs<\/li>\n\n\n\n<li>Mobilier d&rsquo;ext\u00e9rieur (pliant)<\/li>\n\n\n\n<li>&#8230;<\/li>\n<\/ul>\n<\/div>\n\n\n\n<div class=\"wp-block-column is-layout-flow wp-block-column-is-layout-flow\">\n<h2 class=\"wp-block-heading has-text-align-center\"><strong>Mat\u00e9riel p\u00e9dagogique<\/strong><\/h2>\n\n\n\n<ul class=\"wp-block-list\">\n<li>Imprimante \/ photocopieuse semi-professionnelle<\/li>\n\n\n\n<li>Livres et albums jeunesse<\/li>\n\n\n\n<li>Peinture, pinceaux, tabliers, &#8230;<\/li>\n\n\n\n<li>Jeux en bois ou mati\u00e8re naturelle<\/li>\n\n\n\n<li>&#8230;<\/li>\n<\/ul>\n<\/div>\n\n\n\n<div class=\"wp-block-column is-layout-flow wp-block-column-is-layout-flow\">\n<h2 class=\"wp-block-heading has-text-align-center\"><strong>Divers<\/strong><\/h2>\n\n\n\n<ul class=\"wp-block-list\">\n<li>Casseroles et po\u00eales pour plaques \u00e0 induction<\/li>\n\n\n\n<li>Planche (ou chutes) de bois pour fabrication de tabourets \/ \u00e9tag\u00e8res<\/li>\n\n\n\n<li>Aspirateur<\/li>\n\n\n\n<li>Jeux d&rsquo;ext\u00e9rieur<\/li>\n\n\n\n<li>Balles de tennis<\/li>\n\n\n\n<li>&#8230;<\/li>\n<\/ul>\n<\/div>\n<\/div>\n\n\n\n<div style=\"height:100px\" aria-hidden=\"true\" class=\"wp-block-spacer\"><\/div>\n","protected":false},"excerpt":{"rendered":"<p>Liste du mat\u00e9riel recherch\u00e9 Vous souhaitez nous aider en nous faisant don de mat\u00e9riel ? Voici la liste de ce que nous recherchons actuellement.Si vous avez chez vous quelque chose [&hellip;]<\/p>\n","protected":false},"author":1,"featured_media":0,"parent":0,"menu_order":0,"comment_status":"closed","ping_status":"closed","template":"","meta":{"site-sidebar-layout":"default","site-content-layout":"","ast-site-content-layout":"default","site-content-style":"default","site-sidebar-style":"default","ast-global-header-display":"","ast-banner-title-visibility":"","ast-main-header-display":"","ast-hfb-above-header-display":"","ast-hfb-below-header-display":"","ast-hfb-mobile-header-display":"","site-post-title":"disabled","ast-breadcrumbs-content":"","ast-featured-img":"","footer-sml-layout":"","ast-disable-related-posts":"","theme-transparent-header-meta":"","adv-header-id-meta":"","stick-header-meta":"","header-above-stick-meta":"","header-main-stick-meta":"","header-below-stick-meta":"","astra-migrate-meta-layouts":"set","ast-page-background-enabled":"default","ast-page-background-meta":{"desktop":{"background-color":"var(--ast-global-color-4)","background-image":"","background-repeat":"repeat","background-position":"center center","background-size":"auto","background-attachment":"scroll","background-type":"","background-media":"","overlay-type":"","overlay-color":"","overlay-opacity":"","overlay-gradient":""},"tablet":{"background-color":"","background-image":"","background-repeat":"repeat","background-position":"center center","background-size":"auto","background-attachment":"scroll","background-type":"","background-media":"","overlay-type":"","overlay-color":"","overlay-opacity":"","overlay-gradient":""},"mobile":{"background-color":"","background-image":"","background-repeat":"repeat","background-position":"center center","background-size":"auto","background-attachment":"scroll","background-type":"","background-media":"","overlay-type":"","overlay-color":"","overlay-opacity":"","overlay-gradient":""}},"ast-content-background-meta":{"desktop":{"background-color":"var(--ast-global-color-5)","background-image":"","background-repeat":"repeat","background-position":"center center","background-size":"auto","background-attachment":"scroll","background-type":"","background-media":"","overlay-type":"","overlay-color":"","overlay-opacity":"","overlay-gradient":""},"tablet":{"background-color":"var(--ast-global-color-5)","background-image":"","background-repeat":"repeat","background-position":"center center","background-size":"auto","background-attachment":"scroll","background-type":"","background-media":"","overlay-type":"","overlay-color":"","overlay-opacity":"","overlay-gradient":""},"mobile":{"background-color":"var(--ast-global-color-5)","background-image":"","background-repeat":"repeat","background-position":"center center","background-size":"auto","background-attachment":"scroll","background-type":"","background-media":"","overlay-type":"","overlay-color":"","overlay-opacity":"","overlay-gradient":""}},"_EventAllDay":false,"_EventTimezone":"","_EventStartDate":"","_EventEndDate":"","_EventStartDateUTC":"","_EventEndDateUTC":"","_EventShowMap":false,"_EventShowMapLink":false,"_EventURL":"","_EventCost":"","_EventCostDescription":"","_EventCurrencySymbol":"","_EventCurrencyCode":"","_EventCurrencyPosition":"","_EventDateTimeSeparator":"","_EventTimeRangeSeparator":"","_EventOrganizerID":[],"_EventVenueID":[],"_OrganizerEmail":"","_OrganizerPhone":"","_OrganizerWebsite":"","_VenueAddress":"","_VenueCity":"","_VenueCountry":"","_VenueProvince":"","_VenueState":"","_VenueZip":"","_VenuePhone":"","_VenueURL":"","_VenueStateProvince":"","_VenueLat":"","_VenueLng":"","_VenueShowMap":false,"_VenueShowMapLink":false,"footnotes":""},"class_list":["post-622","page","type-page","status-publish","hentry"],"jetpack_sharing_enabled":true,"_links":{"self":[{"href":"https:\/\/pousseenchoeur.fr\/index.php\/wp-json\/wp\/v2\/pages\/622","targetHints":{"allow":["GET"]}}],"collection":[{"href":"https:\/\/pousseenchoeur.fr\/index.php\/wp-json\/wp\/v2\/pages"}],"about":[{"href":"https:\/\/pousseenchoeur.fr\/index.php\/wp-json\/wp\/v2\/types\/page"}],"author":[{"embeddable":true,"href":"https:\/\/pousseenchoeur.fr\/index.php\/wp-json\/wp\/v2\/users\/1"}],"replies":[{"embeddable":true,"href":"https:\/\/pousseenchoeur.fr\/index.php\/wp-json\/wp\/v2\/comments?post=622"}],"version-history":[{"count":6,"href":"https:\/\/pousseenchoeur.fr\/index.php\/wp-json\/wp\/v2\/pages\/622\/revisions"}],"predecessor-version":[{"id":1250,"href":"https:\/\/pousseenchoeur.fr\/index.php\/wp-json\/wp\/v2\/pages\/622\/revisions\/1250"}],"wp:attachment":[{"href":"https:\/\/pousseenchoeur.fr\/index.php\/wp-json\/wp\/v2\/media?parent=622"}],"curies":[{"name":"wp","href":"https:\/\/api.w.org\/{rel}","templated":true}]}}