{"id":39,"date":"2023-09-12T20:23:54","date_gmt":"2023-09-12T18:23:54","guid":{"rendered":"https:\/\/pousseenchoeur.fr\/?page_id=39"},"modified":"2025-10-16T11:22:26","modified_gmt":"2025-10-16T09:22:26","slug":"benevolat","status":"publish","type":"page","link":"https:\/\/pousseenchoeur.fr\/index.php\/lassociation\/benevolat\/","title":{"rendered":"B\u00e9n\u00e9volat"},"content":{"rendered":"\n<h1 class=\"wp-block-heading has-text-align-center\"><strong>B\u00e9n\u00e9volat<\/strong><\/h1>\n\n\n\n<div style=\"height:50px\" aria-hidden=\"true\" class=\"wp-block-spacer\"><\/div>\n\n\n\n<div class=\"wp-block-media-text has-media-on-the-right is-stacked-on-mobile\" style=\"grid-template-columns:auto 30%\"><div class=\"wp-block-media-text__content\">\n<p class=\"has-text-align-center\">Notre \u00e9cole se veut participative. Il est important pour nous que chacun puisse trouver sa place, \u00eatre acteur et force de propositions, aussi bien au sein de l&rsquo;association qu&rsquo;au sein de l&rsquo;\u00e9cole. Nous croyons \u00e9galement en l&rsquo;importance du lien entre individus. Et quoi de mieux pour cr\u00e9er du lien, qu&rsquo;une communaut\u00e9 soud\u00e9e et engag\u00e9e dans un objectif commun? Parents, grands-parents, amis, \u2026, toutes les personnes ressentant l&rsquo;\u00e9lan de s&rsquo;impliquer sont les bienvenues !<br>C&rsquo;est gr\u00e2ce \u00e0 l&rsquo;engagement b\u00e9n\u00e9vole de ses adh\u00e9rents que Pousse en Ch\u0153ur pourra continuer d&rsquo;exister et que l&rsquo;\u00e9cole pourra \u00eatre p\u00e9renne.<br>Afin que chacun puisse participer en fonction de ses comp\u00e9tences, de ses envies et de sa disponibilit\u00e9, diff\u00e9rentes modalit\u00e9s d&rsquo;engagement, \u00e0 court ou \u00e0 long terme sont possibles.<\/p>\n<\/div><figure class=\"wp-block-media-text__media\"><img data-recalc-dims=\"1\" loading=\"lazy\" decoding=\"async\" width=\"819\" height=\"1024\" src=\"https:\/\/i0.wp.com\/pousseenchoeur.fr\/wp-content\/uploads\/2023\/09\/DSCF2403_09_2023.jpg?resize=819%2C1024&#038;ssl=1\" alt=\"b\u00e9n\u00e9voles au stand cr\u00eapes\" class=\"wp-image-658 size-full\" srcset=\"https:\/\/i0.wp.com\/pousseenchoeur.fr\/wp-content\/uploads\/2023\/09\/DSCF2403_09_2023-scaled.jpg?resize=819%2C1024&amp;ssl=1 819w, https:\/\/i0.wp.com\/pousseenchoeur.fr\/wp-content\/uploads\/2023\/09\/DSCF2403_09_2023-scaled.jpg?resize=240%2C300&amp;ssl=1 240w, https:\/\/i0.wp.com\/pousseenchoeur.fr\/wp-content\/uploads\/2023\/09\/DSCF2403_09_2023-scaled.jpg?resize=768%2C960&amp;ssl=1 768w, https:\/\/i0.wp.com\/pousseenchoeur.fr\/wp-content\/uploads\/2023\/09\/DSCF2403_09_2023-scaled.jpg?resize=1229%2C1536&amp;ssl=1 1229w, https:\/\/i0.wp.com\/pousseenchoeur.fr\/wp-content\/uploads\/2023\/09\/DSCF2403_09_2023-scaled.jpg?resize=1638%2C2048&amp;ssl=1 1638w, https:\/\/i0.wp.com\/pousseenchoeur.fr\/wp-content\/uploads\/2023\/09\/DSCF2403_09_2023-scaled.jpg?w=2048&amp;ssl=1 2048w\" sizes=\"auto, (max-width: 819px) 100vw, 819px\" \/><\/figure><\/div>\n\n\n\n<div style=\"height:20px\" aria-hidden=\"true\" class=\"wp-block-spacer\"><\/div>\n\n\n\n<div class=\"wp-block-columns alignwide is-layout-flex wp-container-core-columns-is-layout-28f84493 wp-block-columns-is-layout-flex\">\n<div class=\"wp-block-column is-layout-flow wp-block-column-is-layout-flow\">\n<figure class=\"wp-block-image aligncenter size-full is-resized\"><a href=\"#noyau\"><img data-recalc-dims=\"1\" loading=\"lazy\" decoding=\"async\" width=\"300\" height=\"262\" src=\"https:\/\/i0.wp.com\/pousseenchoeur.fr\/wp-content\/uploads\/2023\/09\/noyau.png?resize=300%2C262&#038;ssl=1\" alt=\"\" class=\"wp-image-320\" style=\"width:190px;height:165px\"\/><\/a><\/figure>\n\n\n\n<h2 class=\"wp-block-heading has-text-align-center\" style=\"padding-top:0;padding-right:var(--wp--preset--spacing--40);padding-bottom:0;padding-left:var(--wp--preset--spacing--40)\"><a href=\"#noyau\">S&rsquo;engager au sein du BUREau<\/a><\/h2>\n<\/div>\n\n\n\n<div class=\"wp-block-column is-layout-flow wp-block-column-is-layout-flow\">\n<figure class=\"wp-block-image aligncenter size-full is-resized\"><a href=\"#pole\"><img data-recalc-dims=\"1\" loading=\"lazy\" decoding=\"async\" width=\"300\" height=\"262\" src=\"https:\/\/i0.wp.com\/pousseenchoeur.fr\/wp-content\/uploads\/2023\/10\/pole.png?resize=300%2C262&#038;ssl=1\" alt=\"\" class=\"wp-image-773\" style=\"width:189px;height:165px\"\/><\/a><\/figure>\n\n\n\n<h2 class=\"wp-block-heading has-text-align-center\" style=\"padding-right:var(--wp--preset--spacing--40);padding-left:var(--wp--preset--spacing--40)\"><a href=\"#pole\">S&rsquo;engager au sein des p\u00f4les<\/a><\/h2>\n<\/div>\n\n\n\n<div class=\"wp-block-column is-layout-flow wp-block-column-is-layout-flow\">\n<figure class=\"wp-block-image aligncenter size-full is-resized\"><a href=\"#chantier\"><img data-recalc-dims=\"1\" loading=\"lazy\" decoding=\"async\" width=\"300\" height=\"262\" src=\"https:\/\/i0.wp.com\/pousseenchoeur.fr\/wp-content\/uploads\/2023\/09\/pele.png?resize=300%2C262&#038;ssl=1\" alt=\"\" class=\"wp-image-321\" style=\"width:190px;height:167px\"\/><\/a><\/figure>\n\n\n\n<h2 class=\"wp-block-heading has-text-align-center\" style=\"padding-right:var(--wp--preset--spacing--40);padding-left:var(--wp--preset--spacing--40)\"><a href=\"#chantier\">Participer aux chantiers participatifs<\/a><\/h2>\n<\/div>\n\n\n\n<div class=\"wp-block-column is-layout-flow wp-block-column-is-layout-flow\">\n<figure class=\"wp-block-image aligncenter size-full is-resized\"><a href=\"#peda\"><img data-recalc-dims=\"1\" loading=\"lazy\" decoding=\"async\" width=\"300\" height=\"262\" src=\"https:\/\/i0.wp.com\/pousseenchoeur.fr\/wp-content\/uploads\/2023\/09\/livre.png?resize=300%2C262&#038;ssl=1\" alt=\"\" class=\"wp-image-502\" style=\"width:189px;height:165px\"\/><\/a><\/figure>\n\n\n\n<h2 class=\"wp-block-heading has-text-align-center\" style=\"padding-right:var(--wp--preset--spacing--40);padding-left:var(--wp--preset--spacing--40)\"><a href=\"#peda\">Soutenir l&rsquo;\u00e9quipe p\u00e9dagogique<\/a><\/h2>\n<\/div>\n<\/div>\n\n\n\n<div class=\"wp-block-columns is-layout-flex wp-container-core-columns-is-layout-28f84493 wp-block-columns-is-layout-flex\">\n<div class=\"wp-block-column is-layout-flow wp-block-column-is-layout-flow\">\n<p class=\"has-text-align-center\"><strong>Vous souhaitez participer ? <\/strong><\/p>\n\n\n\n<div class=\"wp-block-buttons is-content-justification-center is-layout-flex wp-container-core-buttons-is-layout-a89b3969 wp-block-buttons-is-layout-flex\">\n<div class=\"wp-block-button\"><a class=\"wp-block-button__link wp-element-button\" href=\"https:\/\/pousseenchoeur.fr\/index.php\/contact\/\">Contactez-nous !<\/a><\/div>\n<\/div>\n<\/div>\n<\/div>\n\n\n\n<div style=\"height:56px\" aria-hidden=\"true\" class=\"wp-block-spacer\"><\/div>\n\n\n\n<h2 class=\"wp-block-heading has-text-align-center\" id=\"noyau\"><strong>S&rsquo;engager au sein du bureau<\/strong><\/h2>\n\n\n\n<p class=\"has-text-align-center\" style=\"padding-right:var(--wp--preset--spacing--80);padding-left:var(--wp--preset--spacing--80)\">Le bureau, de type coll\u00e9gial, est le garant du respect du projet \u00e9ducatif et de la raison d\u2019\u00eatre de l\u2019association, tout en ayant en conscience de ses obligations l\u00e9gales. Il oriente l\u2019association et en est le d\u00e9cisionnaire strat\u00e9gique.\u00a0<\/p>\n\n\n\n<p class=\"has-text-align-center\" style=\"padding-right:var(--wp--preset--spacing--80);padding-left:var(--wp--preset--spacing--80)\">Les membres du bureau se r\u00e9unissent r\u00e9guli\u00e8rement et ont une vision d&rsquo;ensemble du projet. Ce sont des personnes ressource au sein de l&rsquo;association. Ils coordonnent \u00e9galement les actions des diff\u00e9rents p\u00f4les.<\/p>\n\n\n\n<p class=\"has-text-align-center\"><strong>Profil :<br><\/strong>&#8211; \u00eatre en accord avec les valeurs de l&rsquo;association<br>&#8211; \u00eatre motiv\u00e9 et pr\u00eat \u00e0 donner de son temps<\/p>\n\n\n\n<div style=\"height:100px\" aria-hidden=\"true\" class=\"wp-block-spacer\"><\/div>\n\n\n\n<figure class=\"wp-block-image aligncenter size-full is-resized\"><img data-recalc-dims=\"1\" loading=\"lazy\" decoding=\"async\" width=\"250\" height=\"90\" src=\"https:\/\/i0.wp.com\/pousseenchoeur.fr\/wp-content\/uploads\/2023\/09\/fleur-1.png?resize=250%2C90&#038;ssl=1\" alt=\"\" class=\"wp-image-309\" style=\"width:138px;height:50px\"\/><\/figure>\n\n\n\n<div style=\"height:20px\" aria-hidden=\"true\" class=\"wp-block-spacer\"><\/div>\n\n\n\n<h2 class=\"wp-block-heading has-text-align-center\" id=\"pole\"><strong>S&rsquo;engager au sein des p\u00f4les<\/strong><\/h2>\n\n\n\n<p class=\"has-text-align-center\">Le bureau est soutenu par des commissions de travail appel\u00e9es \u201cP\u00f4les\u201d et compos\u00e9es d&rsquo;adh\u00e9rents de l&rsquo;association.<br>Les p\u00f4les ont chacun leur domaine d\u2019action et de responsabilit\u00e9.<br>L&rsquo;organisation au sein des p\u00f4les et le temps \u00e0 y consacrer varient en fonction des missions.<\/p>\n\n\n\n<div class=\"wp-block-columns alignfull is-layout-flex wp-container-core-columns-is-layout-28f84493 wp-block-columns-is-layout-flex\">\n<div class=\"wp-block-column is-layout-flow wp-block-column-is-layout-flow\">\n<figure class=\"wp-block-image aligncenter size-full is-resized\"><img data-recalc-dims=\"1\" loading=\"lazy\" decoding=\"async\" width=\"300\" height=\"262\" src=\"https:\/\/i0.wp.com\/pousseenchoeur.fr\/wp-content\/uploads\/2023\/09\/livre.png?resize=300%2C262&#038;ssl=1\" alt=\"\" class=\"wp-image-502\" style=\"width:190px;height:undefinedpx\"\/><\/figure>\n\n\n\n<h3 class=\"wp-block-heading has-text-align-center\">P\u00e9dagogie<\/h3>\n\n\n\n<p><\/p>\n\n\n\n<p class=\"has-text-align-center\" style=\"padding-right:var(--wp--preset--spacing--40);padding-left:var(--wp--preset--spacing--40)\">Ce p\u00f4le a pour mission la mise en place du projet p\u00e9dagogique. Il est compos\u00e9 de l&rsquo;\u00e9quipe p\u00e9dagogique et d&rsquo;enseignants ressources.<\/p>\n<\/div>\n\n\n\n<div class=\"wp-block-column is-layout-flow wp-block-column-is-layout-flow\">\n<figure class=\"wp-block-image aligncenter size-full is-resized\"><img data-recalc-dims=\"1\" loading=\"lazy\" decoding=\"async\" width=\"300\" height=\"262\" src=\"https:\/\/i0.wp.com\/pousseenchoeur.fr\/wp-content\/uploads\/2023\/10\/events.png?resize=300%2C262&#038;ssl=1\" alt=\"\" class=\"wp-image-771\" style=\"width:190px;height:undefinedpx\"\/><\/figure>\n\n\n\n<h3 class=\"wp-block-heading has-text-align-center\" style=\"margin-top:0;margin-bottom:0\">Ev\u00e8nements<\/h3>\n\n\n\n<p><\/p>\n\n\n\n<p class=\"has-text-align-center\" style=\"padding-right:var(--wp--preset--spacing--40);padding-left:var(--wp--preset--spacing--40)\">F\u00eates des saisons, festivals, organisation de divers \u00e9v\u00e8nements festifs et conviviaux\u2026 Ce p\u00f4le n&rsquo;attend que vous, votre motivation et vos id\u00e9es!<\/p>\n<\/div>\n\n\n\n<div class=\"wp-block-column is-layout-flow wp-block-column-is-layout-flow\">\n<figure class=\"wp-block-image aligncenter size-full is-resized\"><img data-recalc-dims=\"1\" loading=\"lazy\" decoding=\"async\" width=\"300\" height=\"262\" src=\"https:\/\/i0.wp.com\/pousseenchoeur.fr\/wp-content\/uploads\/2023\/10\/comm.png?resize=300%2C262&#038;ssl=1\" alt=\"\" class=\"wp-image-770\" style=\"width:190px;height:undefinedpx\"\/><\/figure>\n\n\n\n<h3 class=\"wp-block-heading has-text-align-center\" style=\"padding-right:0;padding-left:0\">Communication<\/h3>\n\n\n\n<p><\/p>\n\n\n\n<p class=\"has-text-align-center\" style=\"padding-right:var(--wp--preset--spacing--40);padding-left:var(--wp--preset--spacing--40)\">Faire conna\u00eetre l&rsquo;association et le projet d&rsquo;\u00e9cole, communiquer autour des \u00e9v\u00e8nements, s&rsquo;occuper du site internet et de nos autres moyens de communication\u2026 font partie des missions du p\u00f4le communication.<\/p>\n<\/div>\n\n\n\n<div class=\"wp-block-column is-layout-flow wp-block-column-is-layout-flow\">\n<figure class=\"wp-block-image aligncenter size-full is-resized\"><img data-recalc-dims=\"1\" loading=\"lazy\" decoding=\"async\" width=\"300\" height=\"262\" src=\"https:\/\/i0.wp.com\/pousseenchoeur.fr\/wp-content\/uploads\/2023\/09\/tarif.png?resize=300%2C262&#038;ssl=1\" alt=\"\" class=\"wp-image-282\" style=\"width:190px;height:undefinedpx\"\/><\/figure>\n\n\n\n<h3 class=\"wp-block-heading has-text-align-center\">Financements<\/h3>\n\n\n\n<p><\/p>\n\n\n\n<p class=\"has-text-align-center\" style=\"padding-right:var(--wp--preset--spacing--40);padding-left:var(--wp--preset--spacing--40)\">Ce p\u00f4le veille \u00e0 l&rsquo;\u00e9quilibre financier du projet et met tout en \u0153uvre pour lever les fonds n\u00e9cessaires aux travaux et projets \u00e0 travers la recherche de dons, m\u00e9c\u00e9nats, &#8230;<\/p>\n<\/div>\n<\/div>\n\n\n\n<div style=\"height:30px\" aria-hidden=\"true\" class=\"wp-block-spacer\"><\/div>\n\n\n\n<figure class=\"wp-block-image aligncenter size-full is-resized\"><img data-recalc-dims=\"1\" loading=\"lazy\" decoding=\"async\" width=\"250\" height=\"90\" src=\"https:\/\/i0.wp.com\/pousseenchoeur.fr\/wp-content\/uploads\/2023\/09\/fleur-1.png?resize=250%2C90&#038;ssl=1\" alt=\"\" class=\"wp-image-309\" style=\"width:138px;height:50px\"\/><\/figure>\n\n\n\n<div style=\"height:20px\" aria-hidden=\"true\" class=\"wp-block-spacer\"><\/div>\n\n\n\n<h2 class=\"wp-block-heading has-text-align-center\" id=\"chantier\"><strong>Participer aux chantiers participatifs<\/strong><\/h2>\n\n\n\n<p class=\"has-text-align-center\" style=\"padding-right:var(--wp--preset--spacing--80);padding-left:var(--wp--preset--spacing--80)\">Organis\u00e9s le temps d&rsquo;une demi-journ\u00e9e, d&rsquo;une journ\u00e9e ou d&rsquo;un weekend, les chantiers participatifs permettent l&rsquo;entretien du lieu, la r\u00e9alisation des travaux, la pr\u00e9paration d&rsquo;\u00e9v\u00e8nements, la fabrication de mat\u00e9riel, &#8230;<\/p>\n\n\n\n<div style=\"height:20px\" aria-hidden=\"true\" class=\"wp-block-spacer\"><\/div>\n\n\n\n<figure class=\"wp-block-gallery has-nested-images columns-default is-cropped wp-block-gallery-1 is-layout-flex wp-block-gallery-is-layout-flex\">\n<figure class=\"wp-block-image size-large\"><img data-recalc-dims=\"1\" loading=\"lazy\" decoding=\"async\" width=\"1024\" height=\"768\" data-id=\"650\" src=\"https:\/\/i0.wp.com\/pousseenchoeur.fr\/wp-content\/uploads\/2023\/09\/5783014967342120779_121.jpg?resize=1024%2C768&#038;ssl=1\" alt=\"entretien du jardin\" class=\"wp-image-650\" srcset=\"https:\/\/i0.wp.com\/pousseenchoeur.fr\/wp-content\/uploads\/2023\/09\/5783014967342120779_121.jpg?resize=1024%2C768&amp;ssl=1 1024w, https:\/\/i0.wp.com\/pousseenchoeur.fr\/wp-content\/uploads\/2023\/09\/5783014967342120779_121.jpg?resize=300%2C225&amp;ssl=1 300w, https:\/\/i0.wp.com\/pousseenchoeur.fr\/wp-content\/uploads\/2023\/09\/5783014967342120779_121.jpg?resize=768%2C576&amp;ssl=1 768w, https:\/\/i0.wp.com\/pousseenchoeur.fr\/wp-content\/uploads\/2023\/09\/5783014967342120779_121.jpg?w=1280&amp;ssl=1 1280w\" sizes=\"auto, (max-width: 1000px) 100vw, 1000px\" \/><\/figure>\n\n\n\n<figure class=\"wp-block-image size-large\"><img data-recalc-dims=\"1\" loading=\"lazy\" decoding=\"async\" width=\"1024\" height=\"683\" data-id=\"655\" src=\"https:\/\/i0.wp.com\/pousseenchoeur.fr\/wp-content\/uploads\/2023\/09\/DSCF2309_09_2023.jpg?resize=1024%2C683&#038;ssl=1\" alt=\"b\u00e9n\u00e9voles femmes en train de bricoler\" class=\"wp-image-655\" srcset=\"https:\/\/i0.wp.com\/pousseenchoeur.fr\/wp-content\/uploads\/2023\/09\/DSCF2309_09_2023-scaled.jpg?resize=1024%2C683&amp;ssl=1 1024w, https:\/\/i0.wp.com\/pousseenchoeur.fr\/wp-content\/uploads\/2023\/09\/DSCF2309_09_2023-scaled.jpg?resize=300%2C200&amp;ssl=1 300w, https:\/\/i0.wp.com\/pousseenchoeur.fr\/wp-content\/uploads\/2023\/09\/DSCF2309_09_2023-scaled.jpg?resize=768%2C512&amp;ssl=1 768w, https:\/\/i0.wp.com\/pousseenchoeur.fr\/wp-content\/uploads\/2023\/09\/DSCF2309_09_2023-scaled.jpg?resize=1536%2C1024&amp;ssl=1 1536w, https:\/\/i0.wp.com\/pousseenchoeur.fr\/wp-content\/uploads\/2023\/09\/DSCF2309_09_2023-scaled.jpg?resize=2048%2C1365&amp;ssl=1 2048w\" sizes=\"auto, (max-width: 1000px) 100vw, 1000px\" \/><\/figure>\n<\/figure>\n\n\n\n<div style=\"height:50px\" aria-hidden=\"true\" class=\"wp-block-spacer\"><\/div>\n\n\n\n<p class=\"has-text-align-center\">Envie de pr\u00eater main forte et de passer un moment convivial ? Retrouvez les chantiers \u00e0 venir dans notre agenda.<\/p>\n\n\n\n<div class=\"wp-block-buttons is-content-justification-center is-layout-flex wp-container-core-buttons-is-layout-a89b3969 wp-block-buttons-is-layout-flex\">\n<div class=\"wp-block-button\"><a class=\"wp-block-button__link wp-element-button\" href=\"https:\/\/pousseenchoeur.fr\/index.php\/agenda\/\">Voir les prochains chantiers<\/a><\/div>\n<\/div>\n\n\n\n<div style=\"height:100px\" aria-hidden=\"true\" class=\"wp-block-spacer\"><\/div>\n\n\n\n<figure class=\"wp-block-image aligncenter size-full is-resized\"><img data-recalc-dims=\"1\" loading=\"lazy\" decoding=\"async\" width=\"250\" height=\"90\" src=\"https:\/\/i0.wp.com\/pousseenchoeur.fr\/wp-content\/uploads\/2023\/09\/fleur-1.png?resize=250%2C90&#038;ssl=1\" alt=\"\" class=\"wp-image-309\" style=\"width:138px;height:50px\"\/><\/figure>\n\n\n\n<div style=\"height:20px\" aria-hidden=\"true\" class=\"wp-block-spacer\"><\/div>\n\n\n\n<h2 class=\"wp-block-heading has-text-align-center\" id=\"peda\"><strong>Soutenir l&rsquo;\u00e9quipe p\u00e9dagogique<\/strong><\/h2>\n\n\n\n<p class=\"has-text-align-center\">L&rsquo;\u00e9quipe p\u00e9dagogique peut avoir besoin d&rsquo;\u00eatre \u00e9paul\u00e9e quotidiennement par un b\u00e9n\u00e9vole.<\/p>\n\n\n\n<p class=\"has-text-align-center\" style=\"margin-right:0;margin-left:0;padding-right:0;padding-left:0\"><strong>Missions :<br><\/strong>&#8211; soutenir l&rsquo;enseignant<br>&#8211; \u00eatre attentif \u00e0 la s\u00e9curit\u00e9 des enfants<br>&#8211; participer \u00e0 la vie de la classe : lecture, chant, jeux, activit\u00e9s manuelles, &#8230;<br>&#8211; aider les enfants dans les t\u00e2ches de la vie quotidienne (toilettes, repas, bobos, &#8230;)<br>&#8211; aider \u00e0 la mise en place des activit\u00e9s p\u00e9dagogiques, soutenir les enfants dans leur travail<\/p>\n\n\n\n<p class=\"has-text-align-center\"><strong>Profil :<\/strong><br>&#8211; \u00eatre en accord avec le projet \u00e9ducatif et le projet p\u00e9dagogique<br>&#8211; avoir un bon contact avec les enfants<br>&#8211; aimer passer du temps dehors<br>&#8211; \u00eatre motiv\u00e9 et pr\u00eat \u00e0 s&rsquo;engager de fa\u00e7on r\u00e9guli\u00e8re sur une p\u00e9riode donn\u00e9e<\/p>\n\n\n\n<p class=\"has-text-align-center\" style=\"padding-right:var(--wp--preset--spacing--80);padding-left:var(--wp--preset--spacing--80)\">Les personnes souhaitant \u00eatre b\u00e9n\u00e9voles au c\u00f4t\u00e9 de l&rsquo;\u00e9quipe p\u00e9dagogique auront un entretien pr\u00e9alable avec la directrice et l&rsquo;\u00e9quipe p\u00e9dagogique.<\/p>\n\n\n\n<div style=\"height:100px\" aria-hidden=\"true\" class=\"wp-block-spacer\"><\/div>\n\n\n\n<div class=\"wp-block-buttons is-content-justification-center is-layout-flex wp-container-core-buttons-is-layout-a89b3969 wp-block-buttons-is-layout-flex\">\n<div class=\"wp-block-button\"><a class=\"wp-block-button__link has-text-align-center wp-element-button\" href=\"https:\/\/pousseenchoeur.fr\/index.php\/contact\/\">Devenir b\u00e9n\u00e9vole<\/a><\/div>\n<\/div>\n\n\n\n<div style=\"height:100px\" aria-hidden=\"true\" class=\"wp-block-spacer\"><\/div>\n\n\n\n<p><\/p>\n","protected":false},"excerpt":{"rendered":"<p>B\u00e9n\u00e9volat Notre \u00e9cole se veut participative. Il est important pour nous que chacun puisse trouver sa place, \u00eatre acteur et force de propositions, aussi bien au sein de l&rsquo;association qu&rsquo;au [&hellip;]<\/p>\n","protected":false},"author":1,"featured_media":0,"parent":55,"menu_order":0,"comment_status":"closed","ping_status":"closed","template":"","meta":{"site-sidebar-layout":"default","site-content-layout":"","ast-site-content-layout":"default","site-content-style":"default","site-sidebar-style":"default","ast-global-header-display":"","ast-banner-title-visibility":"","ast-main-header-display":"","ast-hfb-above-header-display":"","ast-hfb-below-header-display":"","ast-hfb-mobile-header-display":"","site-post-title":"disabled","ast-breadcrumbs-content":"","ast-featured-img":"","footer-sml-layout":"","ast-disable-related-posts":"","theme-transparent-header-meta":"","adv-header-id-meta":"","stick-header-meta":"","header-above-stick-meta":"","header-main-stick-meta":"","header-below-stick-meta":"","astra-migrate-meta-layouts":"set","ast-page-background-enabled":"default","ast-page-background-meta":{"desktop":{"background-color":"var(--ast-global-color-4)","background-image":"","background-repeat":"repeat","background-position":"center center","background-size":"auto","background-attachment":"scroll","background-type":"","background-media":"","overlay-type":"","overlay-color":"","overlay-opacity":"","overlay-gradient":""},"tablet":{"background-color":"","background-image":"","background-repeat":"repeat","background-position":"center center","background-size":"auto","background-attachment":"scroll","background-type":"","background-media":"","overlay-type":"","overlay-color":"","overlay-opacity":"","overlay-gradient":""},"mobile":{"background-color":"","background-image":"","background-repeat":"repeat","background-position":"center center","background-size":"auto","background-attachment":"scroll","background-type":"","background-media":"","overlay-type":"","overlay-color":"","overlay-opacity":"","overlay-gradient":""}},"ast-content-background-meta":{"desktop":{"background-color":"var(--ast-global-color-5)","background-image":"","background-repeat":"repeat","background-position":"center center","background-size":"auto","background-attachment":"scroll","background-type":"","background-media":"","overlay-type":"","overlay-color":"","overlay-opacity":"","overlay-gradient":""},"tablet":{"background-color":"var(--ast-global-color-5)","background-image":"","background-repeat":"repeat","background-position":"center center","background-size":"auto","background-attachment":"scroll","background-type":"","background-media":"","overlay-type":"","overlay-color":"","overlay-opacity":"","overlay-gradient":""},"mobile":{"background-color":"var(--ast-global-color-5)","background-image":"","background-repeat":"repeat","background-position":"center center","background-size":"auto","background-attachment":"scroll","background-type":"","background-media":"","overlay-type":"","overlay-color":"","overlay-opacity":"","overlay-gradient":""}},"_EventAllDay":false,"_EventTimezone":"","_EventStartDate":"","_EventEndDate":"","_EventStartDateUTC":"","_EventEndDateUTC":"","_EventShowMap":false,"_EventShowMapLink":false,"_EventURL":"","_EventCost":"","_EventCostDescription":"","_EventCurrencySymbol":"","_EventCurrencyCode":"","_EventCurrencyPosition":"","_EventDateTimeSeparator":"","_EventTimeRangeSeparator":"","_EventOrganizerID":[],"_EventVenueID":[],"_OrganizerEmail":"","_OrganizerPhone":"","_OrganizerWebsite":"","_VenueAddress":"","_VenueCity":"","_VenueCountry":"","_VenueProvince":"","_VenueState":"","_VenueZip":"","_VenuePhone":"","_VenueURL":"","_VenueStateProvince":"","_VenueLat":"","_VenueLng":"","_VenueShowMap":false,"_VenueShowMapLink":false,"footnotes":""},"class_list":["post-39","page","type-page","status-publish","hentry"],"jetpack_sharing_enabled":true,"_links":{"self":[{"href":"https:\/\/pousseenchoeur.fr\/index.php\/wp-json\/wp\/v2\/pages\/39","targetHints":{"allow":["GET"]}}],"collection":[{"href":"https:\/\/pousseenchoeur.fr\/index.php\/wp-json\/wp\/v2\/pages"}],"about":[{"href":"https:\/\/pousseenchoeur.fr\/index.php\/wp-json\/wp\/v2\/types\/page"}],"author":[{"embeddable":true,"href":"https:\/\/pousseenchoeur.fr\/index.php\/wp-json\/wp\/v2\/users\/1"}],"replies":[{"embeddable":true,"href":"https:\/\/pousseenchoeur.fr\/index.php\/wp-json\/wp\/v2\/comments?post=39"}],"version-history":[{"count":50,"href":"https:\/\/pousseenchoeur.fr\/index.php\/wp-json\/wp\/v2\/pages\/39\/revisions"}],"predecessor-version":[{"id":1254,"href":"https:\/\/pousseenchoeur.fr\/index.php\/wp-json\/wp\/v2\/pages\/39\/revisions\/1254"}],"up":[{"embeddable":true,"href":"https:\/\/pousseenchoeur.fr\/index.php\/wp-json\/wp\/v2\/pages\/55"}],"wp:attachment":[{"href":"https:\/\/pousseenchoeur.fr\/index.php\/wp-json\/wp\/v2\/media?parent=39"}],"curies":[{"name":"wp","href":"https:\/\/api.w.org\/{rel}","templated":true}]}}