{"id":30,"date":"2023-09-12T20:22:36","date_gmt":"2023-09-12T18:22:36","guid":{"rendered":"https:\/\/pousseenchoeur.fr\/?page_id=30"},"modified":"2023-10-02T13:06:33","modified_gmt":"2023-10-02T11:06:33","slug":"presentation","status":"publish","type":"page","link":"https:\/\/pousseenchoeur.fr\/index.php\/lassociation\/presentation\/","title":{"rendered":"Pr\u00e9sentation"},"content":{"rendered":"\n<div class=\"wp-block-columns are-vertically-aligned-center is-layout-flex wp-container-core-columns-is-layout-28f84493 wp-block-columns-is-layout-flex\">\n<div class=\"wp-block-column is-vertically-aligned-center is-layout-flow wp-block-column-is-layout-flow\" style=\"flex-basis:50%\">\n<h1 class=\"wp-block-heading has-text-align-center\"><strong>Pousse en Ch\u0153ur<\/strong><\/h1>\n\n\n\n<figure class=\"wp-block-image aligncenter size-full is-resized\"><img data-recalc-dims=\"1\" loading=\"lazy\" decoding=\"async\" src=\"https:\/\/i0.wp.com\/pousseenchoeur.fr\/wp-content\/uploads\/2023\/09\/cropped-Logo-pousse-en-choeur-PNG-qualite1.png?resize=283%2C290&#038;ssl=1\" alt=\"\" class=\"wp-image-117\" style=\"width:283px;height:290px\" width=\"283\" height=\"290\" srcset=\"https:\/\/i0.wp.com\/pousseenchoeur.fr\/wp-content\/uploads\/2023\/09\/cropped-Logo-pousse-en-choeur-PNG-qualite1.png?w=851&amp;ssl=1 851w, https:\/\/i0.wp.com\/pousseenchoeur.fr\/wp-content\/uploads\/2023\/09\/cropped-Logo-pousse-en-choeur-PNG-qualite1.png?resize=292%2C300&amp;ssl=1 292w, https:\/\/i0.wp.com\/pousseenchoeur.fr\/wp-content\/uploads\/2023\/09\/cropped-Logo-pousse-en-choeur-PNG-qualite1.png?resize=768%2C789&amp;ssl=1 768w, https:\/\/i0.wp.com\/pousseenchoeur.fr\/wp-content\/uploads\/2023\/09\/cropped-Logo-pousse-en-choeur-PNG-qualite1.png?resize=162%2C166&amp;ssl=1 162w\" sizes=\"auto, (max-width: 283px) 100vw, 283px\" \/><\/figure>\n<\/div>\n\n\n\n<div class=\"wp-block-column is-vertically-aligned-center is-layout-flow wp-block-column-is-layout-flow\" style=\"padding-right:var(--wp--preset--spacing--50);padding-left:var(--wp--preset--spacing--50);flex-basis:50%\">\n<p class=\"has-text-align-center\">C\u2019est au d\u00e9part une envie commune qui nous r\u00e9unit : celle de proposer un syst\u00e8me \u00e9ducatif qui serait plus en accord avec nos valeurs, dans la bienveillance et le respect des enfants et adultes, qui ait du sens, et qui r\u00e9pondrait aux enjeux actuels.&nbsp;<\/p>\n\n\n\n<p class=\"has-text-align-center\">Un petit groupe de personnes, parents, grands-parents, enseignants et personnel des \u00e9coles, a commenc\u00e9 \u00e0 se r\u00e9unir en 2022 pour r\u00e9fl\u00e9chir ensemble au sujet d\u2019\u00e9coles alternatives locales.&nbsp;<\/p>\n\n\n\n<p class=\"has-text-align-center\">Un noyau enthousiaste persiste \u00e0 voir ce projet aboutir et continue de se retrouver de fa\u00e7on hebdomadaire pour le construire, jusqu\u2019\u00e0 la cr\u00e9ation de \u201cPousse en Ch\u0153ur\u201d, association de loi 1901, d\u00e9but 2023. Elle est la structure juridique porteuse du projet d&rsquo;\u00e9cole \u00e0 Barezia.&nbsp;<\/p>\n\n\n\n<div style=\"height:20px\" aria-hidden=\"true\" class=\"wp-block-spacer\"><\/div>\n\n\n\n<div class=\"wp-block-buttons is-content-justification-center is-layout-flex wp-container-core-buttons-is-layout-a89b3969 wp-block-buttons-is-layout-flex\">\n<div class=\"wp-block-button\"><a class=\"wp-block-button__link wp-element-button\" href=\"https:\/\/pousseenchoeur.fr\/wp-content\/uploads\/2023\/09\/statuts-Pousse-en-Choeur-01.04.pdf\">T\u00e9l\u00e9charger les statuts de l&rsquo;association<\/a><\/div>\n<\/div>\n<\/div>\n<\/div>\n\n\n\n<div style=\"height:100px\" aria-hidden=\"true\" class=\"wp-block-spacer\"><\/div>\n\n\n\n<figure class=\"wp-block-image aligncenter size-full is-resized\"><img data-recalc-dims=\"1\" loading=\"lazy\" decoding=\"async\" src=\"https:\/\/i0.wp.com\/pousseenchoeur.fr\/wp-content\/uploads\/2023\/09\/fleur-1.png?resize=138%2C50&#038;ssl=1\" alt=\"\" class=\"wp-image-309\" style=\"width:138px;height:50px\" width=\"138\" height=\"50\"\/><\/figure>\n\n\n\n<div style=\"height:20px\" aria-hidden=\"true\" class=\"wp-block-spacer\"><\/div>\n\n\n\n<h2 class=\"wp-block-heading has-text-align-center\"><strong>Nos valeurs<\/strong><\/h2>\n\n\n\n<div style=\"height:20px\" aria-hidden=\"true\" class=\"wp-block-spacer\"><\/div>\n\n\n\n<p class=\"has-text-align-center\" style=\"padding-right:var(--wp--preset--spacing--80);padding-left:var(--wp--preset--spacing--80)\">Aussi bien le projet d&rsquo;\u00e9cole que les ateliers propos\u00e9s hors temps scolaire s&rsquo;inspirent de la p\u00e9dagogie par la Nature ainsi que des apports d&rsquo;autres p\u00e9dagogues issus du mouvement de l&rsquo;\u00e9ducation nouvelle (Freinet, Montessori, &#8230;).<br>L&rsquo;adulte encadrant met les enfants (ou les participants) au c\u0153ur des pratiques, valorise le processus plut\u00f4t que le r\u00e9sultat et favorise le jeu libre et les apprentissages autonomes.<br>Un esprit de bienveillance, de respect et de coop\u00e9ration entoure ce projet.<\/p>\n\n\n\n<div style=\"height:20px\" aria-hidden=\"true\" class=\"wp-block-spacer\"><\/div>\n\n\n\n<div class=\"wp-block-buttons is-content-justification-center is-layout-flex wp-container-core-buttons-is-layout-a89b3969 wp-block-buttons-is-layout-flex\">\n<div class=\"wp-block-button\"><a class=\"wp-block-button__link wp-element-button\" href=\"https:\/\/pousseenchoeur.fr\/wp-content\/uploads\/2023\/09\/Projet-Educatif.pdf\">D\u00e9couvrir notre projet \u00e9ducatif<\/a><\/div>\n<\/div>\n\n\n\n<div style=\"height:100px\" aria-hidden=\"true\" class=\"wp-block-spacer\"><\/div>\n\n\n\n<figure class=\"wp-block-image aligncenter size-full is-resized\"><img data-recalc-dims=\"1\" loading=\"lazy\" decoding=\"async\" src=\"https:\/\/i0.wp.com\/pousseenchoeur.fr\/wp-content\/uploads\/2023\/09\/fleur-1.png?resize=138%2C50&#038;ssl=1\" alt=\"\" class=\"wp-image-309\" style=\"width:138px;height:50px\" width=\"138\" height=\"50\"\/><\/figure>\n\n\n\n<div style=\"height:20px\" aria-hidden=\"true\" class=\"wp-block-spacer\"><\/div>\n\n\n\n<h2 class=\"wp-block-heading has-text-align-center\"><strong>L&rsquo;association Pousse en Ch\u0153ur a pour but de&nbsp;<\/strong>:<\/h2>\n\n\n\n<div style=\"height:20px\" aria-hidden=\"true\" class=\"wp-block-spacer\"><\/div>\n\n\n\n<p class=\"has-text-align-left\" style=\"padding-right:var(--wp--preset--spacing--20);padding-left:var(--wp--preset--spacing--20)\">\u25cf promouvoir le d\u00e9veloppement et le bien-\u00eatre des enfants et de chaque individu dans son lien avec le vivant et participer ainsi \u00e0 la construction d\u2019une soci\u00e9t\u00e9 priorisant l\u2019humain et son environnement<\/p>\n\n\n\n<p class=\"has-text-align-left\" style=\"padding-right:var(--wp--preset--spacing--20);padding-left:var(--wp--preset--spacing--20)\">\u25cf promouvoir une \u00e9ducation permettant l\u2019\u00e9mergence d\u2019adultes libres, autonomes et<br>responsables, ceci dans un cadre bienveillant et structurant permettant \u00e0 chacun de<br>grandir et de s\u2019\u00e9panouir :<\/p>\n\n\n\n<div class=\"wp-block-media-text has-media-on-the-right is-stacked-on-mobile\" style=\"grid-template-columns:auto 30%\"><div class=\"wp-block-media-text__content\">\n<ul class=\"wp-block-list\" style=\"padding-right:var(--wp--preset--spacing--60);padding-left:var(--wp--preset--spacing--60)\">\n<li>une \u00e9ducation permettant de tisser un lien profond et affectif avec la nature : avoir conscience de faire partie de la nature et \u00eatre en harmonie avec elle.<\/li>\n\n\n\n<li>une \u00e9ducation humaniste ouverte sur le monde et sur autrui, dans le respect des diff\u00e9rences et permettant l&rsquo;apprentissage du \u00ab\u00a0vivre ensemble\u00a0\u00bb.<\/li>\n\n\n\n<li>une \u00e9ducation centr\u00e9e sur l&rsquo;enfant, adapt\u00e9e \u00e0 chacun, dans le respect de ses besoins et rythmes, permettant de d\u00e9velopper la confiance en soi, l&rsquo;autonomie, le potentiel propre \u00e0 chacun.<\/li>\n\n\n\n<li>une \u00e9ducation qui prend son temps et qui laisse le temps pour acqu\u00e9rir des comp\u00e9tences sans comp\u00e9tition.<\/li>\n\n\n\n<li>une \u00e9ducation qui encourage la coop\u00e9ration et le fait de cr\u00e9er ensemble avec bienveillance et sensibilit\u00e9.<\/li>\n<\/ul>\n<\/div><figure class=\"wp-block-media-text__media\"><img data-recalc-dims=\"1\" loading=\"lazy\" decoding=\"async\" width=\"683\" height=\"1024\" src=\"https:\/\/i0.wp.com\/pousseenchoeur.fr\/wp-content\/uploads\/2023\/09\/DSCF2564_09_2023.jpg?resize=683%2C1024&#038;ssl=1\" alt=\"\" class=\"wp-image-677 size-full\" srcset=\"https:\/\/i0.wp.com\/pousseenchoeur.fr\/wp-content\/uploads\/2023\/09\/DSCF2564_09_2023-scaled.jpg?resize=683%2C1024&amp;ssl=1 683w, https:\/\/i0.wp.com\/pousseenchoeur.fr\/wp-content\/uploads\/2023\/09\/DSCF2564_09_2023-scaled.jpg?resize=200%2C300&amp;ssl=1 200w, https:\/\/i0.wp.com\/pousseenchoeur.fr\/wp-content\/uploads\/2023\/09\/DSCF2564_09_2023-scaled.jpg?resize=768%2C1152&amp;ssl=1 768w, https:\/\/i0.wp.com\/pousseenchoeur.fr\/wp-content\/uploads\/2023\/09\/DSCF2564_09_2023-scaled.jpg?resize=1024%2C1536&amp;ssl=1 1024w, https:\/\/i0.wp.com\/pousseenchoeur.fr\/wp-content\/uploads\/2023\/09\/DSCF2564_09_2023-scaled.jpg?resize=1365%2C2048&amp;ssl=1 1365w, https:\/\/i0.wp.com\/pousseenchoeur.fr\/wp-content\/uploads\/2023\/09\/DSCF2564_09_2023-scaled.jpg?w=1707&amp;ssl=1 1707w\" sizes=\"auto, (max-width: 683px) 100vw, 683px\" \/><\/figure><\/div>\n\n\n\n<div style=\"height:50px\" aria-hidden=\"true\" class=\"wp-block-spacer\"><\/div>\n\n\n\n<h2 class=\"wp-block-heading has-text-align-center\"><strong>Ses diff\u00e9rentes missions <\/strong><\/h2>\n\n\n\n<div style=\"height:20px\" aria-hidden=\"true\" class=\"wp-block-spacer\"><\/div>\n\n\n\n<p style=\"padding-right:var(--wp--preset--spacing--80);padding-left:var(--wp--preset--spacing--80)\">1\/ Cr\u00e9er et faire fonctionner un \u00e9tablissement scolaire priv\u00e9. Cette \u00e9cole s\u2019inspirera de<br>diff\u00e9rentes p\u00e9dagogies dites \u201calternatives\u201d (telles que la P\u00e9dagogie par la Nature, Freinet, Montessori, Waldorf, etc)<\/p>\n\n\n\n<p style=\"padding-right:var(--wp--preset--spacing--80);padding-left:var(--wp--preset--spacing--80)\">2\/ Cr\u00e9er et faire fonctionner une activit\u00e9 d&rsquo;accueil scolaire et extrascolaire \u00e0 destination des :<br>&#8211; familles<br>&#8211; enfants<br>&#8211; adolescents<br>&#8211; adultes<\/p>\n\n\n\n<p style=\"padding-right:var(--wp--preset--spacing--80);padding-left:var(--wp--preset--spacing--80)\">3\/ Inscrire ses actions dans le territoire en cr\u00e9ant du lien avec le tissu local : implications de diff\u00e9rents acteurs dans le partage du savoir, utilisation des sites et des lieux locaux, lien interg\u00e9n\u00e9rationnel\u2026<\/p>\n\n\n\n<p style=\"padding-right:var(--wp--preset--spacing--80);padding-left:var(--wp--preset--spacing--80)\">4\u2044 Proposer des actions de formations en lien avec l\u2019objet de l&rsquo;association :<br>&#8211; accompagner des porteurs de projets d\u2019\u00e9coles alternatives<br>&#8211; former aux diff\u00e9rentes p\u00e9dagogies<br>&#8211; organiser des conf\u00e9rences \/ stages<\/p>\n\n\n\n<p style=\"padding-right:var(--wp--preset--spacing--80);padding-left:var(--wp--preset--spacing--80)\">5\/ \u00catre un espace ressource \u00e0 destination des familles notamment par un accompagnement \u00e0 la parentalit\u00e9<\/p>\n\n\n\n<p style=\"padding-right:var(--wp--preset--spacing--80);padding-left:var(--wp--preset--spacing--80)\">6\/ Organiser et participer \u00e0 des manifestations et \u00e9v\u00e9nements festifs et culturels ou toute autre action en lien avec l\u2019objet de l&rsquo;association<\/p>\n\n\n\n<div style=\"height:100px\" aria-hidden=\"true\" class=\"wp-block-spacer\"><\/div>\n\n\n\n<figure class=\"wp-block-image aligncenter size-full is-resized\"><img data-recalc-dims=\"1\" loading=\"lazy\" decoding=\"async\" src=\"https:\/\/i0.wp.com\/pousseenchoeur.fr\/wp-content\/uploads\/2023\/09\/fleur-1.png?resize=138%2C50&#038;ssl=1\" alt=\"\" class=\"wp-image-309\" style=\"width:138px;height:50px\" width=\"138\" height=\"50\"\/><\/figure>\n\n\n\n<div style=\"height:20px\" aria-hidden=\"true\" class=\"wp-block-spacer\"><\/div>\n\n\n\n<h2 class=\"wp-block-heading has-text-align-center\"><strong>Notre organisation<\/strong><\/h2>\n\n\n\n<div style=\"height:20px\" aria-hidden=\"true\" class=\"wp-block-spacer\"><\/div>\n\n\n\n<p class=\"has-text-align-center\" style=\"padding-right:var(--wp--preset--spacing--80);padding-left:var(--wp--preset--spacing--80)\">Le projet d&rsquo;\u00e9cole se voulant participatif, il nous a paru naturel d&rsquo;appliquer \u00e9galement cette id\u00e9e \u00e0 l&rsquo;organisation et \u00e0 la gouvernance de l&rsquo;association. Ainsi tous les acteurs sont parties prenantes de la vie de l\u2019association afin de cr\u00e9er un village soud\u00e9 et engag\u00e9 dans la p\u00e9rennit\u00e9 du projet. Chacun apporte et chacun re\u00e7oit.<\/p>\n\n\n\n<div class=\"wp-block-columns is-layout-flex wp-container-core-columns-is-layout-28f84493 wp-block-columns-is-layout-flex\">\n<div class=\"wp-block-column is-layout-flow wp-block-column-is-layout-flow\">\n<div style=\"height:33px\" aria-hidden=\"true\" class=\"wp-block-spacer\"><\/div>\n\n\n\n<figure class=\"wp-block-image aligncenter size-full is-resized\"><img data-recalc-dims=\"1\" decoding=\"async\" src=\"https:\/\/i0.wp.com\/pousseenchoeur.fr\/wp-content\/uploads\/2023\/09\/noyau.png?w=196&#038;ssl=1\" alt=\"\" class=\"wp-image-320\" style=\"width:196px\" \/><\/figure>\n\n\n\n<h3 class=\"wp-block-heading has-text-align-center\">Le noyau<\/h3>\n\n\n\n<p class=\"has-text-align-center\" style=\"margin-right:var(--wp--preset--spacing--50);margin-left:var(--wp--preset--spacing--50);padding-right:0;padding-left:0\">Le noyau est le garant du respect du projet \u00e9ducatif et de la raison d\u2019\u00eatre de l\u2019association, tout en ayant en conscience de ses obligations l\u00e9gales. Il oriente l\u2019association et en est le d\u00e9cisionnaire strat\u00e9gique.&nbsp;<\/p>\n\n\n\n<div class=\"wp-block-buttons is-content-justification-center is-layout-flex wp-container-core-buttons-is-layout-a89b3969 wp-block-buttons-is-layout-flex\">\n<div class=\"wp-block-button\"><a class=\"wp-block-button__link wp-element-button\" href=\"https:\/\/pousseenchoeur.fr\/index.php\/lassociation\/lequipe\/\">D\u00e9couvrir l&rsquo;\u00e9quipe<\/a><\/div>\n<\/div>\n<\/div>\n\n\n\n<div class=\"wp-block-column is-layout-flow wp-block-column-is-layout-flow\">\n<div style=\"height:33px\" aria-hidden=\"true\" class=\"wp-block-spacer\"><\/div>\n\n\n\n<figure class=\"wp-block-image aligncenter size-full is-resized\"><img data-recalc-dims=\"1\" decoding=\"async\" src=\"https:\/\/i0.wp.com\/pousseenchoeur.fr\/wp-content\/uploads\/2023\/10\/pole.png?w=196&#038;ssl=1\" alt=\"\" class=\"wp-image-773\" style=\"width:196px\" \/><\/figure>\n\n\n\n<h3 class=\"wp-block-heading has-text-align-center\">Les p\u00f4les<\/h3>\n\n\n\n<p class=\"has-text-align-center\" style=\"margin-right:var(--wp--preset--spacing--50);margin-left:var(--wp--preset--spacing--50);padding-right:0;padding-left:0\">Le noyau est soutenu par des commissions de travail appel\u00e9es \u201cP\u00f4les\u201d et compos\u00e9es d&rsquo;adh\u00e9rents de l&rsquo;association.<br><br>Les p\u00f4les ont chacun leur domaine d\u2019action et de responsabilit\u00e9.<\/p>\n\n\n\n<div class=\"wp-block-buttons is-content-justification-center is-layout-flex wp-container-core-buttons-is-layout-a89b3969 wp-block-buttons-is-layout-flex\">\n<div class=\"wp-block-button\"><a class=\"wp-block-button__link wp-element-button\" href=\"https:\/\/pousseenchoeur.fr\/index.php\/lassociation\/benevolat\/\">D\u00e9couvrir les p\u00f4les<\/a><\/div>\n<\/div>\n<\/div>\n\n\n\n<div class=\"wp-block-column is-layout-flow wp-block-column-is-layout-flow\">\n<div style=\"height:33px\" aria-hidden=\"true\" class=\"wp-block-spacer\"><\/div>\n\n\n\n<figure class=\"wp-block-image aligncenter size-full is-resized\"><img data-recalc-dims=\"1\" decoding=\"async\" src=\"https:\/\/i0.wp.com\/pousseenchoeur.fr\/wp-content\/uploads\/2023\/09\/pele.png?w=196&#038;ssl=1\" alt=\"\" class=\"wp-image-321\" style=\"width:196px\" \/><\/figure>\n\n\n\n<h3 class=\"wp-block-heading has-text-align-center\">Les b\u00e9n\u00e9voles<\/h3>\n\n\n\n<p class=\"has-text-align-center\" style=\"margin-right:var(--wp--preset--spacing--50);margin-left:var(--wp--preset--spacing--50);padding-top:0;padding-right:0;padding-bottom:0;padding-left:0\">Les b\u00e9n\u00e9voles sont une part essentielle de l\u2019association et du bon d\u00e9roulement des projets. Ils interviennent lors des \u00e9v\u00e8nements ponctuels organis\u00e9s par l&rsquo;association, mais auront aussi une place au c\u00f4t\u00e9 des animateurs et enseignants pendant le temps scolaire et les ateliers.<br><br>Envie de devenir b\u00e9n\u00e9vole,<br> contactez-nous !<\/p>\n\n\n\n<div class=\"wp-block-buttons is-content-justification-center is-layout-flex wp-container-core-buttons-is-layout-a89b3969 wp-block-buttons-is-layout-flex\">\n<div class=\"wp-block-button\"><a class=\"wp-block-button__link wp-element-button\" href=\"https:\/\/pousseenchoeur.fr\/index.php\/lassociation\/benevolat\/\">En savoir plus sur le b\u00e9n\u00e9volat<\/a><\/div>\n<\/div>\n<\/div>\n<\/div>\n\n\n\n<div style=\"height:100px\" aria-hidden=\"true\" class=\"wp-block-spacer\"><\/div>\n\n\n\n<figure class=\"wp-block-image aligncenter size-full is-resized\"><img data-recalc-dims=\"1\" loading=\"lazy\" decoding=\"async\" src=\"https:\/\/i0.wp.com\/pousseenchoeur.fr\/wp-content\/uploads\/2023\/09\/fleur-1.png?resize=138%2C50&#038;ssl=1\" alt=\"\" class=\"wp-image-309\" style=\"width:138px;height:50px\" width=\"138\" height=\"50\"\/><\/figure>\n\n\n\n<div style=\"height:20px\" aria-hidden=\"true\" class=\"wp-block-spacer\"><\/div>\n\n\n\n<h2 class=\"wp-block-heading has-text-align-center\"><strong>Devenir membre de l\u2019association<\/strong><\/h2>\n\n\n\n<div style=\"height:20px\" aria-hidden=\"true\" class=\"wp-block-spacer\"><\/div>\n\n\n\n<p class=\"has-text-align-center\" style=\"padding-right:var(--wp--preset--spacing--80);padding-left:var(--wp--preset--spacing--80)\">Il est possible de devenir adh\u00e9rant \u00e0 l&rsquo;Association en remplissant le formulaire ci-dessous et en le renvoyant accompagn\u00e9 de votre ch\u00e8que de cotisation (prix en conscience entre 10 et 30\u20ac) \u00e0 l&rsquo;adresse du si\u00e8ge&nbsp;:<\/p>\n\n\n\n<p class=\"has-text-align-center\">6 rue du centre<br>Hameau de Bar\u00e9zia<br>39320 Montfleur<\/p>\n\n\n\n<p class=\"has-text-align-center\" style=\"padding-right:var(--wp--preset--spacing--80);padding-left:var(--wp--preset--spacing--80)\">Vous pourrez ainsi \u00eatre tenu\u00b7es inform\u00e9\u00b7es des prochains \u00e9v\u00e8nements et Assembl\u00e9s g\u00e9n\u00e9rales, par email. Ces \u00e9v\u00e8nements sont \u00e0 retrouver dans l&rsquo;onglet \u00ab&nbsp;Actualit\u00e9s&nbsp;\u00bb ou \u00ab&nbsp;Ev\u00e8nements&nbsp;\u00bb.<\/p>\n\n\n\n<div class=\"wp-block-buttons is-content-justification-center is-layout-flex wp-container-core-buttons-is-layout-a89b3969 wp-block-buttons-is-layout-flex\">\n<div class=\"wp-block-button\"><a class=\"wp-block-button__link has-text-align-center wp-element-button\" href=\"https:\/\/pousseenchoeur.fr\/wp-content\/uploads\/2023\/09\/Bulletin-dadhesion-V2.docx-1.pdf\">Bulletin d&rsquo;adh\u00e9sion<\/a><\/div>\n<\/div>\n\n\n\n<div style=\"height:100px\" aria-hidden=\"true\" class=\"wp-block-spacer\"><\/div>\n","protected":false},"excerpt":{"rendered":"<p>Pousse en Ch\u0153ur C\u2019est au d\u00e9part une envie commune qui nous r\u00e9unit : celle de proposer un syst\u00e8me \u00e9ducatif qui serait plus en accord avec nos valeurs, dans la bienveillance [&hellip;]<\/p>\n","protected":false},"author":1,"featured_media":0,"parent":55,"menu_order":0,"comment_status":"closed","ping_status":"closed","template":"","meta":{"site-sidebar-layout":"default","site-content-layout":"","ast-site-content-layout":"default","site-content-style":"default","site-sidebar-style":"default","ast-global-header-display":"","ast-banner-title-visibility":"","ast-main-header-display":"","ast-hfb-above-header-display":"","ast-hfb-below-header-display":"","ast-hfb-mobile-header-display":"","site-post-title":"disabled","ast-breadcrumbs-content":"","ast-featured-img":"","footer-sml-layout":"","ast-disable-related-posts":"","theme-transparent-header-meta":"","adv-header-id-meta":"","stick-header-meta":"","header-above-stick-meta":"","header-main-stick-meta":"","header-below-stick-meta":"","astra-migrate-meta-layouts":"set","ast-page-background-enabled":"default","ast-page-background-meta":{"desktop":{"background-color":"var(--ast-global-color-4)","background-image":"","background-repeat":"repeat","background-position":"center center","background-size":"auto","background-attachment":"scroll","background-type":"","background-media":"","overlay-type":"","overlay-color":"","overlay-opacity":"","overlay-gradient":""},"tablet":{"background-color":"","background-image":"","background-repeat":"repeat","background-position":"center center","background-size":"auto","background-attachment":"scroll","background-type":"","background-media":"","overlay-type":"","overlay-color":"","overlay-opacity":"","overlay-gradient":""},"mobile":{"background-color":"","background-image":"","background-repeat":"repeat","background-position":"center center","background-size":"auto","background-attachment":"scroll","background-type":"","background-media":"","overlay-type":"","overlay-color":"","overlay-opacity":"","overlay-gradient":""}},"ast-content-background-meta":{"desktop":{"background-color":"var(--ast-global-color-5)","background-image":"","background-repeat":"repeat","background-position":"center center","background-size":"auto","background-attachment":"scroll","background-type":"","background-media":"","overlay-type":"","overlay-color":"","overlay-opacity":"","overlay-gradient":""},"tablet":{"background-color":"var(--ast-global-color-5)","background-image":"","background-repeat":"repeat","background-position":"center center","background-size":"auto","background-attachment":"scroll","background-type":"","background-media":"","overlay-type":"","overlay-color":"","overlay-opacity":"","overlay-gradient":""},"mobile":{"background-color":"var(--ast-global-color-5)","background-image":"","background-repeat":"repeat","background-position":"center center","background-size":"auto","background-attachment":"scroll","background-type":"","background-media":"","overlay-type":"","overlay-color":"","overlay-opacity":"","overlay-gradient":""}},"_EventAllDay":false,"_EventTimezone":"","_EventStartDate":"","_EventEndDate":"","_EventStartDateUTC":"","_EventEndDateUTC":"","_EventShowMap":false,"_EventShowMapLink":false,"_EventURL":"","_EventCost":"","_EventCostDescription":"","_EventCurrencySymbol":"","_EventCurrencyCode":"","_EventCurrencyPosition":"","_EventDateTimeSeparator":"","_EventTimeRangeSeparator":"","_EventOrganizerID":[],"_EventVenueID":[],"_OrganizerEmail":"","_OrganizerPhone":"","_OrganizerWebsite":"","_VenueAddress":"","_VenueCity":"","_VenueCountry":"","_VenueProvince":"","_VenueState":"","_VenueZip":"","_VenuePhone":"","_VenueURL":"","_VenueStateProvince":"","_VenueLat":"","_VenueLng":"","_VenueShowMap":false,"_VenueShowMapLink":false,"footnotes":""},"class_list":["post-30","page","type-page","status-publish","hentry"],"jetpack_sharing_enabled":true,"_links":{"self":[{"href":"https:\/\/pousseenchoeur.fr\/index.php\/wp-json\/wp\/v2\/pages\/30","targetHints":{"allow":["GET"]}}],"collection":[{"href":"https:\/\/pousseenchoeur.fr\/index.php\/wp-json\/wp\/v2\/pages"}],"about":[{"href":"https:\/\/pousseenchoeur.fr\/index.php\/wp-json\/wp\/v2\/types\/page"}],"author":[{"embeddable":true,"href":"https:\/\/pousseenchoeur.fr\/index.php\/wp-json\/wp\/v2\/users\/1"}],"replies":[{"embeddable":true,"href":"https:\/\/pousseenchoeur.fr\/index.php\/wp-json\/wp\/v2\/comments?post=30"}],"version-history":[{"count":36,"href":"https:\/\/pousseenchoeur.fr\/index.php\/wp-json\/wp\/v2\/pages\/30\/revisions"}],"predecessor-version":[{"id":787,"href":"https:\/\/pousseenchoeur.fr\/index.php\/wp-json\/wp\/v2\/pages\/30\/revisions\/787"}],"up":[{"embeddable":true,"href":"https:\/\/pousseenchoeur.fr\/index.php\/wp-json\/wp\/v2\/pages\/55"}],"wp:attachment":[{"href":"https:\/\/pousseenchoeur.fr\/index.php\/wp-json\/wp\/v2\/media?parent=30"}],"curies":[{"name":"wp","href":"https:\/\/api.w.org\/{rel}","templated":true}]}}