{"id":1106,"date":"2025-02-15T14:35:22","date_gmt":"2025-02-15T13:35:22","guid":{"rendered":"https:\/\/pousseenchoeur.fr\/?page_id=1106"},"modified":"2025-02-15T15:11:43","modified_gmt":"2025-02-15T14:11:43","slug":"actualites","status":"publish","type":"page","link":"https:\/\/pousseenchoeur.fr\/index.php\/actualites\/","title":{"rendered":"Actualit\u00e9s"},"content":{"rendered":"\n<div style=\"height:20px\" aria-hidden=\"true\" class=\"wp-block-spacer\"><\/div>\n\n\n\n<div class=\"wp-block-columns is-layout-flex wp-container-core-columns-is-layout-28f84493 wp-block-columns-is-layout-flex\">\n<div class=\"wp-block-column is-layout-flow wp-block-column-is-layout-flow\" style=\"flex-basis:100%\">\n<div class=\"wp-block-columns is-layout-flex wp-container-core-columns-is-layout-28f84493 wp-block-columns-is-layout-flex\">\n<div class=\"wp-block-column is-layout-flow wp-block-column-is-layout-flow\">\n<div class=\"wp-block-query is-layout-constrained wp-block-query-is-layout-constrained\"><ul class=\"columns-3 wp-block-post-template is-layout-grid wp-container-core-post-template-is-layout-f39bca43 wp-block-post-template-is-layout-grid\"><li class=\"wp-block-post post-1364 post type-post status-publish format-standard has-post-thumbnail hentry category-non-classe\">\n<figure class=\"wp-block-post-featured-image\"><a href=\"https:\/\/pousseenchoeur.fr\/index.php\/2026\/03\/08\/rencontre-projet-college\/\" target=\"_self\"  ><img data-recalc-dims=\"1\" loading=\"lazy\" decoding=\"async\" width=\"1414\" height=\"2000\" src=\"https:\/\/i0.wp.com\/pousseenchoeur.fr\/wp-content\/uploads\/2026\/03\/Reunion-Projet-college.png?resize=1414%2C2000&#038;ssl=1\" class=\"attachment-post-thumbnail size-post-thumbnail wp-post-image\" alt=\"Rencontre Projet Coll\u00e8ge\" style=\"object-fit:cover;\" srcset=\"https:\/\/i0.wp.com\/pousseenchoeur.fr\/wp-content\/uploads\/2026\/03\/Reunion-Projet-college.png?w=1414&amp;ssl=1 1414w, https:\/\/i0.wp.com\/pousseenchoeur.fr\/wp-content\/uploads\/2026\/03\/Reunion-Projet-college.png?resize=212%2C300&amp;ssl=1 212w, https:\/\/i0.wp.com\/pousseenchoeur.fr\/wp-content\/uploads\/2026\/03\/Reunion-Projet-college.png?resize=724%2C1024&amp;ssl=1 724w, https:\/\/i0.wp.com\/pousseenchoeur.fr\/wp-content\/uploads\/2026\/03\/Reunion-Projet-college.png?resize=768%2C1086&amp;ssl=1 768w, https:\/\/i0.wp.com\/pousseenchoeur.fr\/wp-content\/uploads\/2026\/03\/Reunion-Projet-college.png?resize=1086%2C1536&amp;ssl=1 1086w\" sizes=\"auto, (max-width: 1000px) 100vw, 1000px\" \/><\/a><\/figure>\n\n\n<div style=\"height:20px\" aria-hidden=\"true\" class=\"wp-block-spacer\"><\/div>\n\n\n<h4 class=\"has-text-align-center wp-block-post-title\"><a href=\"https:\/\/pousseenchoeur.fr\/index.php\/2026\/03\/08\/rencontre-projet-college\/\" target=\"_self\" >Rencontre Projet Coll\u00e8ge<\/a><\/h4>\n\n<div class=\"wp-block-post-excerpt\"><p class=\"wp-block-post-excerpt__excerpt\">Rencontre pour collaborer sur la concr\u00e9tisation du projet coll\u00e8ge de Pousse en Ch\u0153ur. Objectif d&rsquo;ouverture \u00e0 la rentr\u00e9e 2027. Si int\u00e9ress\u00e9\u00b7e, nous contacter, cette r\u00e9union s&rsquo;adresse \u00e0 tous parents ou [&hellip;] <\/p><\/div>\n<\/li><li class=\"wp-block-post post-1360 post type-post status-publish format-standard has-post-thumbnail hentry category-non-classe\">\n<figure class=\"wp-block-post-featured-image\"><a href=\"https:\/\/pousseenchoeur.fr\/index.php\/2026\/03\/08\/fete-du-printemps-2026\/\" target=\"_self\"  ><img data-recalc-dims=\"1\" loading=\"lazy\" decoding=\"async\" width=\"940\" height=\"788\" src=\"https:\/\/i0.wp.com\/pousseenchoeur.fr\/wp-content\/uploads\/2026\/03\/Portes-Ouvertes-2026.png?resize=940%2C788&#038;ssl=1\" class=\"attachment-post-thumbnail size-post-thumbnail wp-post-image\" alt=\"F\u00eate du printemps 2026\" style=\"object-fit:cover;\" srcset=\"https:\/\/i0.wp.com\/pousseenchoeur.fr\/wp-content\/uploads\/2026\/03\/Portes-Ouvertes-2026.png?w=940&amp;ssl=1 940w, https:\/\/i0.wp.com\/pousseenchoeur.fr\/wp-content\/uploads\/2026\/03\/Portes-Ouvertes-2026.png?resize=300%2C251&amp;ssl=1 300w, https:\/\/i0.wp.com\/pousseenchoeur.fr\/wp-content\/uploads\/2026\/03\/Portes-Ouvertes-2026.png?resize=768%2C644&amp;ssl=1 768w\" sizes=\"auto, (max-width: 940px) 100vw, 940px\" \/><\/a><\/figure>\n\n\n<div style=\"height:20px\" aria-hidden=\"true\" class=\"wp-block-spacer\"><\/div>\n\n\n<h4 class=\"has-text-align-center wp-block-post-title\"><a href=\"https:\/\/pousseenchoeur.fr\/index.php\/2026\/03\/08\/fete-du-printemps-2026\/\" target=\"_self\" >F\u00eate du printemps 2026<\/a><\/h4>\n\n<div class=\"wp-block-post-excerpt\"><p class=\"wp-block-post-excerpt__excerpt\">Le printemps arrive\u2026 et nous serions tr\u00e8s heureux de le c\u00e9l\u00e9brer avec vous Nous avons le plaisir de vous inviter aux portes ouvertes de l\u2019\u00e9cole Pousse en Choeur, une journ\u00e9e [&hellip;] <\/p><\/div>\n<\/li><li class=\"wp-block-post post-1332 post type-post status-publish format-standard has-post-thumbnail hentry category-non-classe\">\n<figure class=\"wp-block-post-featured-image\"><a href=\"https:\/\/pousseenchoeur.fr\/index.php\/2025\/12\/05\/cycle-de-formation-communication-bienveillante\/\" target=\"_self\"  ><img data-recalc-dims=\"1\" loading=\"lazy\" decoding=\"async\" width=\"940\" height=\"788\" src=\"https:\/\/i0.wp.com\/pousseenchoeur.fr\/wp-content\/uploads\/2025\/12\/Cycle-de-Formation-Communication-Bienveillante1.png?resize=940%2C788&#038;ssl=1\" class=\"attachment-post-thumbnail size-post-thumbnail wp-post-image\" alt=\"Cycle de formation communication Bienveillante\" style=\"object-fit:cover;\" srcset=\"https:\/\/i0.wp.com\/pousseenchoeur.fr\/wp-content\/uploads\/2025\/12\/Cycle-de-Formation-Communication-Bienveillante1.png?w=940&amp;ssl=1 940w, https:\/\/i0.wp.com\/pousseenchoeur.fr\/wp-content\/uploads\/2025\/12\/Cycle-de-Formation-Communication-Bienveillante1.png?resize=300%2C251&amp;ssl=1 300w, https:\/\/i0.wp.com\/pousseenchoeur.fr\/wp-content\/uploads\/2025\/12\/Cycle-de-Formation-Communication-Bienveillante1.png?resize=768%2C644&amp;ssl=1 768w\" sizes=\"auto, (max-width: 940px) 100vw, 940px\" \/><\/a><\/figure>\n\n\n<div style=\"height:20px\" aria-hidden=\"true\" class=\"wp-block-spacer\"><\/div>\n\n\n<h4 class=\"has-text-align-center wp-block-post-title\"><a href=\"https:\/\/pousseenchoeur.fr\/index.php\/2025\/12\/05\/cycle-de-formation-communication-bienveillante\/\" target=\"_self\" >Cycle de formation communication Bienveillante<\/a><\/h4>\n\n<div class=\"wp-block-post-excerpt\"><p class=\"wp-block-post-excerpt__excerpt\">Anim\u00e9 par Christelle Koenig Formation de 21h sur la communication bienveillante (7 ateliers de 3 h) sur des mardis soirs et samedis apr\u00e8s-midi, entre d\u00e9cembre 2025 et mars 2026. Places [&hellip;] <\/p><\/div>\n<\/li><li class=\"wp-block-post post-1190 post type-post status-publish format-standard has-post-thumbnail hentry category-non-classe\">\n<figure class=\"wp-block-post-featured-image\"><a href=\"https:\/\/pousseenchoeur.fr\/index.php\/2025\/09\/16\/pousse-en-choeur-fete-sa-deuxieme-rentree-avec-la-la-laine\/\" target=\"_self\"  ><img data-recalc-dims=\"1\" loading=\"lazy\" decoding=\"async\" width=\"940\" height=\"788\" src=\"https:\/\/i0.wp.com\/pousseenchoeur.fr\/wp-content\/uploads\/2025\/09\/Emmene-Moi-1.jpg?resize=940%2C788&#038;ssl=1\" class=\"attachment-post-thumbnail size-post-thumbnail wp-post-image\" alt=\"pousse en choeur f\u00eate sa deuxi\u00e8me rentr\u00e9e avec La la laine!\" style=\"object-fit:cover;\" srcset=\"https:\/\/i0.wp.com\/pousseenchoeur.fr\/wp-content\/uploads\/2025\/09\/Emmene-Moi-1.jpg?w=940&amp;ssl=1 940w, https:\/\/i0.wp.com\/pousseenchoeur.fr\/wp-content\/uploads\/2025\/09\/Emmene-Moi-1.jpg?resize=300%2C251&amp;ssl=1 300w, https:\/\/i0.wp.com\/pousseenchoeur.fr\/wp-content\/uploads\/2025\/09\/Emmene-Moi-1.jpg?resize=768%2C644&amp;ssl=1 768w\" sizes=\"auto, (max-width: 940px) 100vw, 940px\" \/><\/a><\/figure>\n\n\n<div style=\"height:20px\" aria-hidden=\"true\" class=\"wp-block-spacer\"><\/div>\n\n\n<h4 class=\"has-text-align-center wp-block-post-title\"><a href=\"https:\/\/pousseenchoeur.fr\/index.php\/2025\/09\/16\/pousse-en-choeur-fete-sa-deuxieme-rentree-avec-la-la-laine\/\" target=\"_self\" >pousse en choeur f\u00eate sa deuxi\u00e8me rentr\u00e9e avec La la laine!<\/a><\/h4>\n\n<div class=\"wp-block-post-excerpt\"><p class=\"wp-block-post-excerpt__excerpt\">Rendez-vous Au Chant des Lulus \u00e0 Ecuria (Nantey) dimanche 21 septembre d\u00e8s 14h! Claire et Laurent et leurs brebis nous accueillent pour partager de joyeux moments. Buvette et cr\u00eapes sur [&hellip;] <\/p><\/div>\n<\/li><li class=\"wp-block-post post-1152 post type-post status-publish format-standard has-post-thumbnail hentry category-non-classe tag-education-bienveillante tag-evenement-jura-2 tag-lien-a-la-nature tag-parentalite-positive tag-pedagogie-par-la-nature tag-pousse-en-douceur\">\n<figure class=\"wp-block-post-featured-image\"><a href=\"https:\/\/pousseenchoeur.fr\/index.php\/2025\/05\/31\/pousse-en-douceur\/\" target=\"_self\"  ><img data-recalc-dims=\"1\" loading=\"lazy\" decoding=\"async\" width=\"1587\" height=\"2245\" src=\"https:\/\/i0.wp.com\/pousseenchoeur.fr\/wp-content\/uploads\/2025\/05\/Affiche-PED25.jpg?resize=1587%2C2245&#038;ssl=1\" class=\"attachment-post-thumbnail size-post-thumbnail wp-post-image\" alt=\"Pousse en Douceur\" style=\"object-fit:cover;\" srcset=\"https:\/\/i0.wp.com\/pousseenchoeur.fr\/wp-content\/uploads\/2025\/05\/Affiche-PED25.jpg?w=1587&amp;ssl=1 1587w, https:\/\/i0.wp.com\/pousseenchoeur.fr\/wp-content\/uploads\/2025\/05\/Affiche-PED25.jpg?resize=212%2C300&amp;ssl=1 212w, https:\/\/i0.wp.com\/pousseenchoeur.fr\/wp-content\/uploads\/2025\/05\/Affiche-PED25.jpg?resize=724%2C1024&amp;ssl=1 724w, https:\/\/i0.wp.com\/pousseenchoeur.fr\/wp-content\/uploads\/2025\/05\/Affiche-PED25.jpg?resize=768%2C1086&amp;ssl=1 768w, https:\/\/i0.wp.com\/pousseenchoeur.fr\/wp-content\/uploads\/2025\/05\/Affiche-PED25.jpg?resize=1086%2C1536&amp;ssl=1 1086w, https:\/\/i0.wp.com\/pousseenchoeur.fr\/wp-content\/uploads\/2025\/05\/Affiche-PED25.jpg?resize=1448%2C2048&amp;ssl=1 1448w\" sizes=\"auto, (max-width: 1000px) 100vw, 1000px\" \/><\/a><\/figure>\n\n\n<div style=\"height:20px\" aria-hidden=\"true\" class=\"wp-block-spacer\"><\/div>\n\n\n<h4 class=\"has-text-align-center wp-block-post-title\"><a href=\"https:\/\/pousseenchoeur.fr\/index.php\/2025\/05\/31\/pousse-en-douceur\/\" target=\"_self\" >Pousse en Douceur<\/a><\/h4>\n\n<div class=\"wp-block-post-excerpt\"><p class=\"wp-block-post-excerpt__excerpt\">Pousse en Douceur Dimanche 22 juin de 10h \u00e0 18h00\u00c0 Montfleur(39) &#8211; en face de la Mairie Une journ\u00e9e festive organis\u00e9e par l&rsquo;association Pousse en Choeur, avec pour th\u00e8me cette&nbsp;ann\u00e9e [&hellip;] <\/p><\/div>\n<\/li><li class=\"wp-block-post post-1096 post type-post status-publish format-image has-post-thumbnail hentry category-non-classe tag-balade-aux-lanternes tag-ecole-alternative tag-evenement-jura tag-fete-de-lhiver tag-petite-montagne post_format-post-format-image\">\n<figure class=\"wp-block-post-featured-image\"><a href=\"https:\/\/pousseenchoeur.fr\/index.php\/2024\/12\/12\/fete-de-lhiver\/\" target=\"_self\"  ><img data-recalc-dims=\"1\" loading=\"lazy\" decoding=\"async\" width=\"1414\" height=\"2000\" src=\"https:\/\/i0.wp.com\/pousseenchoeur.fr\/wp-content\/uploads\/2024\/12\/Fete-de-lhiver-2024.jpg?resize=1414%2C2000&#038;ssl=1\" class=\"attachment-post-thumbnail size-post-thumbnail wp-post-image\" alt=\"F\u00eate de l&rsquo;Hiver\" style=\"object-fit:cover;\" srcset=\"https:\/\/i0.wp.com\/pousseenchoeur.fr\/wp-content\/uploads\/2024\/12\/Fete-de-lhiver-2024.jpg?w=1414&amp;ssl=1 1414w, https:\/\/i0.wp.com\/pousseenchoeur.fr\/wp-content\/uploads\/2024\/12\/Fete-de-lhiver-2024.jpg?resize=212%2C300&amp;ssl=1 212w, https:\/\/i0.wp.com\/pousseenchoeur.fr\/wp-content\/uploads\/2024\/12\/Fete-de-lhiver-2024.jpg?resize=724%2C1024&amp;ssl=1 724w, https:\/\/i0.wp.com\/pousseenchoeur.fr\/wp-content\/uploads\/2024\/12\/Fete-de-lhiver-2024.jpg?resize=768%2C1086&amp;ssl=1 768w, https:\/\/i0.wp.com\/pousseenchoeur.fr\/wp-content\/uploads\/2024\/12\/Fete-de-lhiver-2024.jpg?resize=1086%2C1536&amp;ssl=1 1086w\" sizes=\"auto, (max-width: 1000px) 100vw, 1000px\" \/><\/a><\/figure>\n\n\n<div style=\"height:20px\" aria-hidden=\"true\" class=\"wp-block-spacer\"><\/div>\n\n\n<h4 class=\"has-text-align-center wp-block-post-title\"><a href=\"https:\/\/pousseenchoeur.fr\/index.php\/2024\/12\/12\/fete-de-lhiver\/\" target=\"_self\" >F\u00eate de l&rsquo;Hiver<\/a><\/h4>\n\n<div class=\"wp-block-post-excerpt\"><p class=\"wp-block-post-excerpt__excerpt\">Venez profiter d&rsquo;un moment magique pour c\u00e9l\u00e9brer le solstice d&rsquo;hiver. Le vendredi 20 d\u00e9cembre, l&rsquo;\u00e9cole Pousse en Ch\u0153ur vous invite \u00e0 une balade cont\u00e9e et chant\u00e9e \u00e0 la lueur des [&hellip;] <\/p><\/div>\n<\/li><li class=\"wp-block-post post-1085 post type-post status-publish format-standard has-post-thumbnail hentry category-non-classe tag-activites-jura tag-atelier-bricolage tag-lanternes tag-marche-aux-lanternes\">\n<figure class=\"wp-block-post-featured-image\"><a href=\"https:\/\/pousseenchoeur.fr\/index.php\/2024\/12\/12\/atelier-lanternes\/\" target=\"_self\"  ><img data-recalc-dims=\"1\" loading=\"lazy\" decoding=\"async\" width=\"940\" height=\"788\" src=\"https:\/\/i0.wp.com\/pousseenchoeur.fr\/wp-content\/uploads\/2024\/12\/Atelier-Fabrication-de-lanternes.jpg?resize=940%2C788&#038;ssl=1\" class=\"attachment-post-thumbnail size-post-thumbnail wp-post-image\" alt=\"Atelier Lanternes\" style=\"object-fit:cover;\" srcset=\"https:\/\/i0.wp.com\/pousseenchoeur.fr\/wp-content\/uploads\/2024\/12\/Atelier-Fabrication-de-lanternes.jpg?w=940&amp;ssl=1 940w, https:\/\/i0.wp.com\/pousseenchoeur.fr\/wp-content\/uploads\/2024\/12\/Atelier-Fabrication-de-lanternes.jpg?resize=300%2C251&amp;ssl=1 300w, https:\/\/i0.wp.com\/pousseenchoeur.fr\/wp-content\/uploads\/2024\/12\/Atelier-Fabrication-de-lanternes.jpg?resize=768%2C644&amp;ssl=1 768w\" sizes=\"auto, (max-width: 940px) 100vw, 940px\" \/><\/a><\/figure>\n\n\n<div style=\"height:20px\" aria-hidden=\"true\" class=\"wp-block-spacer\"><\/div>\n\n\n<h4 class=\"has-text-align-center wp-block-post-title\"><a href=\"https:\/\/pousseenchoeur.fr\/index.php\/2024\/12\/12\/atelier-lanternes\/\" target=\"_self\" >Atelier Lanternes<\/a><\/h4>\n\n<div class=\"wp-block-post-excerpt\"><p class=\"wp-block-post-excerpt__excerpt\">Retrouvez-nous samedi 14 d\u00e9cembre d\u00e8s 9h30 pour confectionner ces magnifiques objets qui \u00e9claireront vos f\u00eates. Vous serez \u00e9quip\u00e9s pour vous joindre \u00e0 notre f\u00eate de l&rsquo;hiver et sa balade aux [&hellip;] <\/p><\/div>\n<\/li><li class=\"wp-block-post post-1060 post type-post status-publish format-standard has-post-thumbnail hentry category-non-classe tag-ecole-alternative tag-fete-de-lautomne tag-inauguration-ecole tag-jura tag-petite-montagne\">\n<figure class=\"wp-block-post-featured-image\"><a href=\"https:\/\/pousseenchoeur.fr\/index.php\/2024\/09\/24\/fete-de-lautomne-et-inauguration-de-lecole\/\" target=\"_self\"  ><img data-recalc-dims=\"1\" loading=\"lazy\" decoding=\"async\" width=\"1414\" height=\"2000\" src=\"https:\/\/i0.wp.com\/pousseenchoeur.fr\/wp-content\/uploads\/2024\/09\/Fete-de-lAutomne1-1.jpg?resize=1414%2C2000&#038;ssl=1\" class=\"attachment-post-thumbnail size-post-thumbnail wp-post-image\" alt=\"F\u00eate de l&rsquo;Automne et inauguration de l&rsquo;\u00e9cole!\" style=\"object-fit:cover;\" srcset=\"https:\/\/i0.wp.com\/pousseenchoeur.fr\/wp-content\/uploads\/2024\/09\/Fete-de-lAutomne1-1.jpg?w=1414&amp;ssl=1 1414w, https:\/\/i0.wp.com\/pousseenchoeur.fr\/wp-content\/uploads\/2024\/09\/Fete-de-lAutomne1-1.jpg?resize=212%2C300&amp;ssl=1 212w, https:\/\/i0.wp.com\/pousseenchoeur.fr\/wp-content\/uploads\/2024\/09\/Fete-de-lAutomne1-1.jpg?resize=724%2C1024&amp;ssl=1 724w, https:\/\/i0.wp.com\/pousseenchoeur.fr\/wp-content\/uploads\/2024\/09\/Fete-de-lAutomne1-1.jpg?resize=768%2C1086&amp;ssl=1 768w, https:\/\/i0.wp.com\/pousseenchoeur.fr\/wp-content\/uploads\/2024\/09\/Fete-de-lAutomne1-1.jpg?resize=1086%2C1536&amp;ssl=1 1086w\" sizes=\"auto, (max-width: 1000px) 100vw, 1000px\" \/><\/a><\/figure>\n\n\n<div style=\"height:20px\" aria-hidden=\"true\" class=\"wp-block-spacer\"><\/div>\n\n\n<h4 class=\"has-text-align-center wp-block-post-title\"><a href=\"https:\/\/pousseenchoeur.fr\/index.php\/2024\/09\/24\/fete-de-lautomne-et-inauguration-de-lecole\/\" target=\"_self\" >F\u00eate de l&rsquo;Automne et inauguration de l&rsquo;\u00e9cole!<\/a><\/h4>\n\n<div class=\"wp-block-post-excerpt\"><p class=\"wp-block-post-excerpt__excerpt\">Le 21 septembre 2024, nous nous sommes retrouv\u00e9\u00b7es pour c\u00e9l\u00e9brer la naissance de la nouvelle \u00e9cole, au programme: discours, remerciements des b\u00e9n\u00e9voles et des personnes ayant soutenu la r\u00e9alisation du [&hellip;] <\/p><\/div>\n<\/li><li class=\"wp-block-post post-987 post type-post status-publish format-standard has-post-thumbnail hentry category-non-classe\">\n<figure class=\"wp-block-post-featured-image\"><a href=\"https:\/\/pousseenchoeur.fr\/index.php\/2024\/04\/18\/festival-pousse-en-douceur-25-et-26-mai-2024\/\" target=\"_self\"  ><img data-recalc-dims=\"1\" loading=\"lazy\" decoding=\"async\" width=\"1587\" height=\"2245\" src=\"https:\/\/i0.wp.com\/pousseenchoeur.fr\/wp-content\/uploads\/2024\/04\/POUSSE-EN-DOUCEUR-Affiche1.jpg?resize=1587%2C2245&#038;ssl=1\" class=\"attachment-post-thumbnail size-post-thumbnail wp-post-image\" alt=\"Festival Pousse en Douceur &#8211; 25 et 26 mai 2024\" style=\"object-fit:cover;\" srcset=\"https:\/\/i0.wp.com\/pousseenchoeur.fr\/wp-content\/uploads\/2024\/04\/POUSSE-EN-DOUCEUR-Affiche1.jpg?w=1587&amp;ssl=1 1587w, https:\/\/i0.wp.com\/pousseenchoeur.fr\/wp-content\/uploads\/2024\/04\/POUSSE-EN-DOUCEUR-Affiche1.jpg?resize=212%2C300&amp;ssl=1 212w, https:\/\/i0.wp.com\/pousseenchoeur.fr\/wp-content\/uploads\/2024\/04\/POUSSE-EN-DOUCEUR-Affiche1.jpg?resize=724%2C1024&amp;ssl=1 724w, https:\/\/i0.wp.com\/pousseenchoeur.fr\/wp-content\/uploads\/2024\/04\/POUSSE-EN-DOUCEUR-Affiche1.jpg?resize=768%2C1086&amp;ssl=1 768w, https:\/\/i0.wp.com\/pousseenchoeur.fr\/wp-content\/uploads\/2024\/04\/POUSSE-EN-DOUCEUR-Affiche1.jpg?resize=1086%2C1536&amp;ssl=1 1086w, https:\/\/i0.wp.com\/pousseenchoeur.fr\/wp-content\/uploads\/2024\/04\/POUSSE-EN-DOUCEUR-Affiche1.jpg?resize=1448%2C2048&amp;ssl=1 1448w\" sizes=\"auto, (max-width: 1000px) 100vw, 1000px\" \/><\/a><\/figure>\n\n\n<div style=\"height:20px\" aria-hidden=\"true\" class=\"wp-block-spacer\"><\/div>\n\n\n<h4 class=\"has-text-align-center wp-block-post-title\"><a href=\"https:\/\/pousseenchoeur.fr\/index.php\/2024\/04\/18\/festival-pousse-en-douceur-25-et-26-mai-2024\/\" target=\"_self\" >Festival Pousse en Douceur &#8211; 25 et 26 mai 2024<\/a><\/h4>\n\n<div class=\"wp-block-post-excerpt\"><p class=\"wp-block-post-excerpt__excerpt\">Deux jours de festival pour parler enfance, parentalit\u00e9, bienveillance et \u00e9ducation!Au programme:&nbsp;\u2013 des films suivis d\u2019\u00e9changes&nbsp;(sur l\u2019\u00e9cole autrement et le deuil parental),&nbsp;\u2013 une table-ronde autour des p\u00e9dagogies actives, des conf\u00e9rences&nbsp;(accompagner [&hellip;] <\/p><\/div>\n<\/li><li class=\"wp-block-post post-966 post type-post status-publish format-standard has-post-thumbnail hentry category-non-classe\">\n<figure class=\"wp-block-post-featured-image\"><a href=\"https:\/\/pousseenchoeur.fr\/index.php\/2024\/04\/01\/chantier-peinture-le-6-et-7-avril\/\" target=\"_self\"  ><img data-recalc-dims=\"1\" loading=\"lazy\" decoding=\"async\" width=\"1414\" height=\"2000\" src=\"https:\/\/i0.wp.com\/pousseenchoeur.fr\/wp-content\/uploads\/2024\/04\/Chantier-peinture.jpg?resize=1414%2C2000&#038;ssl=1\" class=\"attachment-post-thumbnail size-post-thumbnail wp-post-image\" alt=\"Chantier Peinture le 6 et 7 avril\" style=\"object-fit:cover;\" srcset=\"https:\/\/i0.wp.com\/pousseenchoeur.fr\/wp-content\/uploads\/2024\/04\/Chantier-peinture.jpg?w=1414&amp;ssl=1 1414w, https:\/\/i0.wp.com\/pousseenchoeur.fr\/wp-content\/uploads\/2024\/04\/Chantier-peinture.jpg?resize=212%2C300&amp;ssl=1 212w, https:\/\/i0.wp.com\/pousseenchoeur.fr\/wp-content\/uploads\/2024\/04\/Chantier-peinture.jpg?resize=724%2C1024&amp;ssl=1 724w, https:\/\/i0.wp.com\/pousseenchoeur.fr\/wp-content\/uploads\/2024\/04\/Chantier-peinture.jpg?resize=768%2C1086&amp;ssl=1 768w, https:\/\/i0.wp.com\/pousseenchoeur.fr\/wp-content\/uploads\/2024\/04\/Chantier-peinture.jpg?resize=1086%2C1536&amp;ssl=1 1086w\" sizes=\"auto, (max-width: 1000px) 100vw, 1000px\" \/><\/a><\/figure>\n\n\n<div style=\"height:20px\" aria-hidden=\"true\" class=\"wp-block-spacer\"><\/div>\n\n\n<h4 class=\"has-text-align-center wp-block-post-title\"><a href=\"https:\/\/pousseenchoeur.fr\/index.php\/2024\/04\/01\/chantier-peinture-le-6-et-7-avril\/\" target=\"_self\" >Chantier Peinture le 6 et 7 avril<\/a><\/h4>\n\n<div class=\"wp-block-post-excerpt\"><p class=\"wp-block-post-excerpt__excerpt\">Pousse en Ch\u0153ur commence \u00e0 am\u00e9nager ses salles de classes, et pour amener plus de luminosit\u00e9, nous organisons un chantier pour repeindre en blanc le plafond, des murs et encadrements [&hellip;] <\/p><\/div>\n<\/li><\/ul><\/div>\n<\/div>\n<\/div>\n<\/div>\n<\/div>\n","protected":false},"excerpt":{"rendered":"","protected":false},"author":1,"featured_media":0,"parent":0,"menu_order":0,"comment_status":"closed","ping_status":"closed","template":"","meta":{"site-sidebar-layout":"default","site-content-layout":"","ast-site-content-layout":"default","site-content-style":"default","site-sidebar-style":"default","ast-global-header-display":"","ast-banner-title-visibility":"","ast-main-header-display":"","ast-hfb-above-header-display":"","ast-hfb-below-header-display":"","ast-hfb-mobile-header-display":"","site-post-title":"","ast-breadcrumbs-content":"","ast-featured-img":"","footer-sml-layout":"","ast-disable-related-posts":"","theme-transparent-header-meta":"","adv-header-id-meta":"","stick-header-meta":"","header-above-stick-meta":"","header-main-stick-meta":"","header-below-stick-meta":"","astra-migrate-meta-layouts":"set","ast-page-background-enabled":"default","ast-page-background-meta":{"desktop":{"background-color":"var(--ast-global-color-4)","background-image":"","background-repeat":"repeat","background-position":"center center","background-size":"auto","background-attachment":"scroll","background-type":"","background-media":"","overlay-type":"","overlay-color":"","overlay-gradient":""},"tablet":{"background-color":"","background-image":"","background-repeat":"repeat","background-position":"center center","background-size":"auto","background-attachment":"scroll","background-type":"","background-media":"","overlay-type":"","overlay-color":"","overlay-gradient":""},"mobile":{"background-color":"","background-image":"","background-repeat":"repeat","background-position":"center center","background-size":"auto","background-attachment":"scroll","background-type":"","background-media":"","overlay-type":"","overlay-color":"","overlay-gradient":""}},"ast-content-background-meta":{"desktop":{"background-color":"var(--ast-global-color-5)","background-image":"","background-repeat":"repeat","background-position":"center center","background-size":"auto","background-attachment":"scroll","background-type":"","background-media":"","overlay-type":"","overlay-color":"","overlay-gradient":""},"tablet":{"background-color":"var(--ast-global-color-5)","background-image":"","background-repeat":"repeat","background-position":"center center","background-size":"auto","background-attachment":"scroll","background-type":"","background-media":"","overlay-type":"","overlay-color":"","overlay-gradient":""},"mobile":{"background-color":"var(--ast-global-color-5)","background-image":"","background-repeat":"repeat","background-position":"center center","background-size":"auto","background-attachment":"scroll","background-type":"","background-media":"","overlay-type":"","overlay-color":"","overlay-gradient":""}},"_EventAllDay":false,"_EventTimezone":"","_EventStartDate":"","_EventEndDate":"","_EventStartDateUTC":"","_EventEndDateUTC":"","_EventShowMap":false,"_EventShowMapLink":false,"_EventURL":"","_EventCost":"","_EventCostDescription":"","_EventCurrencySymbol":"","_EventCurrencyCode":"","_EventCurrencyPosition":"","_EventDateTimeSeparator":"","_EventTimeRangeSeparator":"","_EventOrganizerID":[],"_EventVenueID":[],"_OrganizerEmail":"","_OrganizerPhone":"","_OrganizerWebsite":"","_VenueAddress":"","_VenueCity":"","_VenueCountry":"","_VenueProvince":"","_VenueState":"","_VenueZip":"","_VenuePhone":"","_VenueURL":"","_VenueStateProvince":"","_VenueLat":"","_VenueLng":"","_VenueShowMap":false,"_VenueShowMapLink":false,"footnotes":""},"class_list":["post-1106","page","type-page","status-publish","hentry"],"jetpack_sharing_enabled":true,"_links":{"self":[{"href":"https:\/\/pousseenchoeur.fr\/index.php\/wp-json\/wp\/v2\/pages\/1106","targetHints":{"allow":["GET"]}}],"collection":[{"href":"https:\/\/pousseenchoeur.fr\/index.php\/wp-json\/wp\/v2\/pages"}],"about":[{"href":"https:\/\/pousseenchoeur.fr\/index.php\/wp-json\/wp\/v2\/types\/page"}],"author":[{"embeddable":true,"href":"https:\/\/pousseenchoeur.fr\/index.php\/wp-json\/wp\/v2\/users\/1"}],"replies":[{"embeddable":true,"href":"https:\/\/pousseenchoeur.fr\/index.php\/wp-json\/wp\/v2\/comments?post=1106"}],"version-history":[{"count":9,"href":"https:\/\/pousseenchoeur.fr\/index.php\/wp-json\/wp\/v2\/pages\/1106\/revisions"}],"predecessor-version":[{"id":1166,"href":"https:\/\/pousseenchoeur.fr\/index.php\/wp-json\/wp\/v2\/pages\/1106\/revisions\/1166"}],"wp:attachment":[{"href":"https:\/\/pousseenchoeur.fr\/index.php\/wp-json\/wp\/v2\/media?parent=1106"}],"curies":[{"name":"wp","href":"https:\/\/api.w.org\/{rel}","templated":true}]}}